{"id":2708,"date":"2022-03-23T16:47:36","date_gmt":"2022-03-23T15:47:36","guid":{"rendered":"https:\/\/czechdoll.com\/?post_type=product&#038;p=2708"},"modified":"2022-03-23T17:33:59","modified_gmt":"2022-03-23T16:33:59","slug":"czechdoll-street-face-01-tpe-body-silicone-head-realistic-doll-standing-body-heating","status":"publish","type":"product","link":"https:\/\/czechdoll.com\/cs\/produkt\/czechdoll-street-face-01-tpe-body-silicone-head-realistic-doll-standing-body-heating","title":{"rendered":"CzechDoll \u2013 Street face 01 - TPE t\u011blo a silikonov\u00e1 hlava + oh\u0159ev t\u011bla, stoj\u00edc\u00ed realistick\u00e1 panna"},"content":{"rendered":"<p><strong>Za\u017eijte sv\u00e9 erotick\u00e9 sny!<\/strong><\/p>\n<p>Po\u0159i\u010fte si kr\u00e1snou street panenku, kter\u00e1 je ru\u010dn\u011b modelovan\u00e1 a pro\u017eijte s n\u00ed neomezen\u00e9 mno\u017estv\u00ed rozko\u0161e, kter\u00e9 tato realistick\u00e1 panna nab\u00edz\u00ed. Realistick\u00e1 vag\u00edna je hlubok\u00e1 18,2cm, zade\u010dek pojme a\u017e 16,2cm. Silikonov\u00e1 hlava neumo\u017enuje or\u00e1ln\u00ed sex.<\/p>\n<p>Realistick\u00e1 panna m\u00e1 paruku (m\u016f\u017eete libovoln\u011b m\u011bnit).<\/p>\n<p>&nbsp;<\/p>\n<p><strong>Parametry t\u011bla:<\/strong><\/p>\n<p><strong>Celkov\u00e1 v\u00e1ha panny:<\/strong> 32 kg<\/p>\n<p><strong>Total height:<\/strong> 165cm<\/p>\n<p><strong>Obvod hrudn\u00edku:<\/strong> 89 cm,\u00a0<strong>Pas:<\/strong> 55 cm,\u00a0<strong>Boky:<\/strong> 87 cm<\/p>\n<p><strong>\u0160\u00ed\u0159e ramen:<\/strong> 30 cm<\/p>\n<p><strong>D\u00e9lka nohy (vnit\u0159n\u00ed):<\/strong> 85 cm<\/p>\n<p><strong>D\u00e9lka chodidla:<\/strong> 21 cm<\/p>\n<p><strong>Materi\u00e1l doll:\u00a0<\/strong>Platinum TPE + nerezov\u00e1 kostra, silikon, + kov<\/p>\n<p><strong>Balen\u00ed obsahuje:<\/strong>\u00a01 x silikonov\u00e1 hlava face 1, 1 x t\u011blo panny, 1 x pudr, 1 x z\u00e1kladn\u00ed oble\u010dek, 1 x klyst\u00fdr, 2 x paruka a \u010desk\u00fd n\u00e1vod.<\/p>\n<p>Vyrobeno v \u010c\u00edn\u011b<\/p>\n<p><strong>Dod\u00e1n\u00ed: <\/strong>Platba p\u0159edem 50% z celkov\u00e9 \u010d\u00e1stky. Doplatek na dob\u00edrku. Dod\u00e1n\u00ed do 10-ti a\u017e 20-ti pracovn\u00edch dn\u016f od p\u0159ijet\u00ed z\u00e1lohy. Term\u00edn dod\u00e1n\u00ed je ovlivn\u011bn celn\u00ed kontrolou zbo\u017e\u00ed. Cena je kone\u010dn\u00e1, zahrnuje CLO, DPH, DOPRAVU a ve\u0161ker\u00e9 s t\u00edm spojen\u00e9 poplatky!<\/p>\n<p>V\u00edce informac\u00ed na info@czechdoll.com, nebo telefonu +420 792 506 938.<\/p>","protected":false},"excerpt":{"rendered":"<p>Experience your erotic dreams! Get yourself a beautiful street doll that is hand sculpted and experience the unlimited amount of pleasure that this realistic doll offers. The realistic vagina is 18.2cm deep, and the ass can hold up to 16.2cm. The silicone head does not allow oral sex. The realistic doll has a wig (you [&hellip;]<\/p>","protected":false},"featured_media":2726,"comment_status":"open","ping_status":"closed","template":"","meta":[],"yoast_head":"<!-- This site is optimized with the Yoast SEO plugin v15.6.2 - https:\/\/yoast.com\/wordpress\/plugins\/seo\/ -->\n<title>CzechDoll - Street face 01 - TPE body + silicone head - realistic doll \/ standing, body heating - CzechDoll \u2013 Real dolls made according to Czech stars<\/title>\n<meta name=\"robots\" content=\"index, follow, max-snippet:-1, max-image-preview:large, max-video-preview:-1\" \/>\n<link rel=\"canonical\" href=\"https:\/\/czechdoll.com\/cs\/produkt\/czechdoll-street-face-01-tpe-body-silicone-head-realistic-doll-standing-body-heating\" \/>\n<meta property=\"og:locale\" content=\"cs_CZ\" \/>\n<meta property=\"og:type\" content=\"article\" \/>\n<meta property=\"og:title\" content=\"CzechDoll - Street face 01 - TPE body + silicone head - realistic doll \/ standing, body heating - CzechDoll \u2013 Real dolls made according to Czech stars\" \/>\n<meta property=\"og:description\" content=\"Experience your erotic dreams! Get yourself a beautiful street doll that is hand sculpted and experience the unlimited amount of pleasure that this realistic doll offers. The realistic vagina is 18.2cm deep, and the ass can hold up to 16.2cm. The silicone head does not allow oral sex. The realistic doll has a wig (you [&hellip;]\" \/>\n<meta property=\"og:url\" content=\"https:\/\/czechdoll.com\/cs\/produkt\/czechdoll-street-face-01-tpe-body-silicone-head-realistic-doll-standing-body-heating\" \/>\n<meta property=\"og:site_name\" content=\"CzechDoll \u2013 Real dolls made according to Czech stars\" \/>\n<meta property=\"article:publisher\" content=\"https:\/\/www.facebook.com\/CzechDollcom\/\" \/>\n<meta property=\"article:modified_time\" content=\"2022-03-23T16:33:59+00:00\" \/>\n<meta property=\"og:image\" content=\"https:\/\/czechdoll.com\/wp-content\/uploads\/2022\/03\/czechdoll-street-face1-18.jpg\" \/>\n\t<meta property=\"og:image:width\" content=\"451\" \/>\n\t<meta property=\"og:image:height\" content=\"800\" \/>\n<meta name=\"twitter:card\" content=\"summary_large_image\" \/>\n<meta name=\"twitter:site\" content=\"@czechdoll\" \/>\n<meta name=\"twitter:label1\" content=\"Odhadovan\u00e1 doba \u010dten\u00ed\">\n\t<meta name=\"twitter:data1\" content=\"1 minuta\">\n<script type=\"application\/ld+json\" class=\"yoast-schema-graph\">{\"@context\":\"https:\/\/schema.org\",\"@graph\":[{\"@type\":\"Organization\",\"@id\":\"https:\/\/czechdoll.com\/#organization\",\"name\":\"CzechDoll\",\"url\":\"https:\/\/czechdoll.com\/\",\"sameAs\":[\"https:\/\/www.facebook.com\/CzechDollcom\/\",\"https:\/\/www.instagram.com\/czechdoll_official\/\",\"https:\/\/www.youtube.com\/channel\/UC5ynVMwxkGG48HTrQpdbX1w\",\"https:\/\/twitter.com\/czechdoll\"],\"logo\":{\"@type\":\"ImageObject\",\"@id\":\"https:\/\/czechdoll.com\/#logo\",\"inLanguage\":\"cs\",\"url\":\"https:\/\/czechdoll.com\/wp-content\/uploads\/2020\/10\/logo_CD-01_cut.png\",\"width\":1326,\"height\":1327,\"caption\":\"CzechDoll\"},\"image\":{\"@id\":\"https:\/\/czechdoll.com\/#logo\"}},{\"@type\":\"WebSite\",\"@id\":\"https:\/\/czechdoll.com\/#website\",\"url\":\"https:\/\/czechdoll.com\/\",\"name\":\"CzechDoll \\u2013 Real dolls made according to Czech stars\",\"description\":\"Official Website www.czechdoll.com \/ www.czechdoll.cz\",\"publisher\":{\"@id\":\"https:\/\/czechdoll.com\/#organization\"},\"potentialAction\":[{\"@type\":\"SearchAction\",\"target\":\"https:\/\/czechdoll.com\/?s={search_term_string}\",\"query-input\":\"required name=search_term_string\"}],\"inLanguage\":\"cs\"},{\"@type\":\"ImageObject\",\"@id\":\"https:\/\/czechdoll.com\/product\/czechdoll-street-face-01-tpe-body-silicone-head-realistic-doll-standing-body-heating#primaryimage\",\"inLanguage\":\"cs\",\"url\":\"https:\/\/czechdoll.com\/wp-content\/uploads\/2022\/03\/czechdoll-street-face1-18.jpg\",\"width\":451,\"height\":800},{\"@type\":\"WebPage\",\"@id\":\"https:\/\/czechdoll.com\/product\/czechdoll-street-face-01-tpe-body-silicone-head-realistic-doll-standing-body-heating#webpage\",\"url\":\"https:\/\/czechdoll.com\/product\/czechdoll-street-face-01-tpe-body-silicone-head-realistic-doll-standing-body-heating\",\"name\":\"CzechDoll - Street face 01 - TPE body + silicone head - realistic doll \/ standing, body heating - CzechDoll \\u2013 Real dolls made according to Czech stars\",\"isPartOf\":{\"@id\":\"https:\/\/czechdoll.com\/#website\"},\"primaryImageOfPage\":{\"@id\":\"https:\/\/czechdoll.com\/product\/czechdoll-street-face-01-tpe-body-silicone-head-realistic-doll-standing-body-heating#primaryimage\"},\"datePublished\":\"2022-03-23T15:47:36+00:00\",\"dateModified\":\"2022-03-23T16:33:59+00:00\",\"inLanguage\":\"cs\",\"potentialAction\":[{\"@type\":\"ReadAction\",\"target\":[\"https:\/\/czechdoll.com\/product\/czechdoll-street-face-01-tpe-body-silicone-head-realistic-doll-standing-body-heating\"]}]}]}<\/script>\n<!-- \/ Yoast SEO plugin. -->","_links":{"self":[{"href":"https:\/\/czechdoll.com\/cs\/wp-json\/wp\/v2\/product\/2708"}],"collection":[{"href":"https:\/\/czechdoll.com\/cs\/wp-json\/wp\/v2\/product"}],"about":[{"href":"https:\/\/czechdoll.com\/cs\/wp-json\/wp\/v2\/types\/product"}],"replies":[{"embeddable":true,"href":"https:\/\/czechdoll.com\/cs\/wp-json\/wp\/v2\/comments?post=2708"}],"version-history":[{"count":3,"href":"https:\/\/czechdoll.com\/cs\/wp-json\/wp\/v2\/product\/2708\/revisions"}],"predecessor-version":[{"id":2735,"href":"https:\/\/czechdoll.com\/cs\/wp-json\/wp\/v2\/product\/2708\/revisions\/2735"}],"wp:featuredmedia":[{"embeddable":true,"href":"https:\/\/czechdoll.com\/cs\/wp-json\/wp\/v2\/media\/2726"}],"wp:attachment":[{"href":"https:\/\/czechdoll.com\/cs\/wp-json\/wp\/v2\/media?parent=2708"}],"curies":[{"name":"wp","href":"https:\/\/api.w.org\/{rel}","templated":true}]}}