{"id":1918,"date":"2020-09-10T13:01:27","date_gmt":"2020-09-10T11:01:27","guid":{"rendered":"https:\/\/czechdoll.com\/?post_type=product&#038;p=1918"},"modified":"2021-09-02T14:58:39","modified_gmt":"2021-09-02T12:58:39","slug":"czechdoll-florane-russell-real-dolls-pornstars-serie","status":"publish","type":"product","link":"https:\/\/czechdoll.com\/cs\/produkt\/czechdoll-florane-russell-real-dolls-pornstars-serie","title":{"rendered":"CzechDoll &#8211; Florane Russell &#8211; real dolls \/ pornstars s\u00e9rie"},"content":{"rendered":"<div data-elementor-type=\"wp-post\" data-elementor-id=\"1918\" class=\"elementor elementor-1918\" data-elementor-settings=\"[]\">\n\t\t\t\t\t\t<div class=\"elementor-inner\">\n\t\t\t\t\t\t\t<div class=\"elementor-section-wrap\">\n\t\t\t\t\t\t\t<section class=\"elementor-section elementor-top-section elementor-element elementor-element-ee3f797 elementor-section-boxed elementor-section-height-default elementor-section-height-default\" data-id=\"ee3f797\" data-element_type=\"section\">\n\t\t\t\t\t\t<div class=\"elementor-container elementor-column-gap-default\">\n\t\t\t\t\t\t\t<div class=\"elementor-row\">\n\t\t\t\t\t<div class=\"elementor-column elementor-col-100 elementor-top-column elementor-element elementor-element-5549ad12\" data-id=\"5549ad12\" data-element_type=\"column\">\n\t\t\t<div class=\"elementor-column-wrap elementor-element-populated\">\n\t\t\t\t\t\t\t<div class=\"elementor-widget-wrap\">\n\t\t\t\t\t\t<div class=\"elementor-element elementor-element-56117f7a elementor-widget elementor-widget-text-editor\" data-id=\"56117f7a\" data-element_type=\"widget\" data-widget_type=\"text-editor.default\">\n\t\t\t\t<div class=\"elementor-widget-container\">\n\t\t\t\t\t<div class=\"elementor-text-editor elementor-clearfix\"><p>Florane Russell - realistick\u00e1 panna na zak\u00e1zku. Realistick\u00e9 panny CzechDoll s\u00e9rie pornstars z kvalitn\u00edho Platinum TPE materi\u00e1lu, kter\u00fd v\u011brn\u011b napodobuje lidskou poko\u017eku. CzechDoll realistick\u00e9 panny s modern\u00ed kostrou jsou navr\u017eeny p\u0159edev\u0161\u00edm pro sexu\u00e1ln\u00ed hry (zvl\u00e1daj\u00ed v\u0161echny klasick\u00e9 pozice kamasutry), ale i pro sb\u011bratele a fanou\u0161ky t\u011bchto stars.<\/p><\/div>\n\t\t\t\t<\/div>\n\t\t\t\t<\/div>\n\t\t\t\t\t\t<\/div>\n\t\t\t\t\t<\/div>\n\t\t<\/div>\n\t\t\t\t\t\t\t\t<\/div>\n\t\t\t\t\t<\/div>\n\t\t<\/section>\n\t\t\t\t<section class=\"elementor-section elementor-top-section elementor-element elementor-element-bbde58f elementor-section-boxed elementor-section-height-default elementor-section-height-default\" data-id=\"bbde58f\" data-element_type=\"section\">\n\t\t\t\t\t\t<div class=\"elementor-container elementor-column-gap-default\">\n\t\t\t\t\t\t\t<div class=\"elementor-row\">\n\t\t\t\t\t<div class=\"elementor-column elementor-col-100 elementor-top-column elementor-element elementor-element-aa03808\" data-id=\"aa03808\" data-element_type=\"column\">\n\t\t\t<div class=\"elementor-column-wrap elementor-element-populated\">\n\t\t\t\t\t\t\t<div class=\"elementor-widget-wrap\">\n\t\t\t\t\t\t<div class=\"elementor-element elementor-element-cf2e57e elementor-widget elementor-widget-text-editor\" data-id=\"cf2e57e\" data-element_type=\"widget\" data-widget_type=\"text-editor.default\">\n\t\t\t\t<div class=\"elementor-widget-container\">\n\t\t\t\t\t<div class=\"elementor-text-editor elementor-clearfix\"><p>Ahoj, jmenuji se Florane Russell. Ne\u017e jsem za\u010dla to\u010dit Filmy pro dosp\u011bl\u00e9, m\u011blo to dlouhou cestu. Nejd\u0159\u00edve jsem za\u010d\u00ednala jako tane\u010dnice a stript\u00e9rka, posl\u00e9ze se dlouhou dobu v\u011bnovala Livechatu . Prvn\u00ed profesion\u00e1ln\u00ed nat\u00e1\u010den\u00ed p\u0159\u00ed\u0161lo p\u0159ed 2 ma lety . M\u00e1m ji\u017e za sebou v\u00edce jak 150 sc\u00e9n a zam\u011b\u0159uji se p\u0159ev\u00e1\u017en\u011b na an\u00e1ln\u00ed sc\u00e9ny. V soukrom\u00ed m\u00e1m pejska a tomu v\u011bnuji hodn\u011b \u010dasu, d\u00e1le miluji fitness a sna\u017e\u00edm se \u017e\u00edt zdrav\u011b.<\/p><p><strong>Fanou\u0161ci m\u011b mohou sledovat na:<\/strong><\/p><p>Facebook: florane.russell.9<\/p><p>Instagram: floranerussell_official<\/p><p>Twitter: floranerussell_official<\/p><p>zde je mo\u017en\u00e9 m\u011b kontaktovat na e-mail:\u00a0<\/p><p><a href=\"mailto:floranerussell@czechdoll.com?subject=floranerussell\">floranerussell@czechdoll.com<\/a>, je mo\u017en\u00e9 m\u00edt priv\u00e1tn\u00ed \u0161ou, nebo video na zak\u00e1zku p\u0159\u00edmo pro m\u00e9 fanou\u0161ky.<\/p><p><strong><span lang=\"en\"><span title=\"\">Za\u017eijete sv\u00e9 erotick\u00e9 sny!<\/span><\/span>!<\/strong><\/p><p>Po\u0159i\u010fte si kr\u00e1snou panenku CzechDoll Florane Russell, podobiznu here\u010dky Florane Russell, kter\u00e1 je ru\u010dn\u011b modelovan\u00e1 a pro\u017eijte s n\u00ed neomezen\u00e9 mno\u017estv\u00ed rozko\u0161e, kter\u00e9 tato realistick\u00e1 panna nab\u00edz\u00ed. <span style=\"color: var( --e-global-color-text ); font-family: var( --e-global-typography-text-font-family ); font-weight: var( --e-global-typography-text-font-weight ); background-color: transparent; letter-spacing: 0px;\">Realistick\u00e1 vag\u00edna je hlubok\u00e1 18,2cm, zade\u010dek pojme a\u017e 16,2cm a \u00fasta 14,5cm. Tyto parametry jsou stejn\u00e9 pro v\u0161echny v\u00fdb\u011brov\u00e1 t\u011bla CzechDoll.<\/span><\/p><\/div>\n\t\t\t\t<\/div>\n\t\t\t\t<\/div>\n\t\t\t\t\t\t<\/div>\n\t\t\t\t\t<\/div>\n\t\t<\/div>\n\t\t\t\t\t\t\t\t<\/div>\n\t\t\t\t\t<\/div>\n\t\t<\/section>\n\t\t\t\t<section class=\"elementor-section elementor-top-section elementor-element elementor-element-ca74981 elementor-section-boxed elementor-section-height-default elementor-section-height-default\" data-id=\"ca74981\" data-element_type=\"section\">\n\t\t\t\t\t\t<div class=\"elementor-container elementor-column-gap-default\">\n\t\t\t\t\t\t\t<div class=\"elementor-row\">\n\t\t\t\t\t<div class=\"elementor-column elementor-col-50 elementor-top-column elementor-element elementor-element-750c07f\" data-id=\"750c07f\" data-element_type=\"column\">\n\t\t\t<div class=\"elementor-column-wrap elementor-element-populated\">\n\t\t\t\t\t\t\t<div class=\"elementor-widget-wrap\">\n\t\t\t\t\t\t<div class=\"elementor-element elementor-element-5604646 elementor-widget elementor-widget-text-editor\" data-id=\"5604646\" data-element_type=\"widget\" data-widget_type=\"text-editor.default\">\n\t\t\t\t<div class=\"elementor-widget-container\">\n\t\t\t\t\t<div class=\"elementor-text-editor elementor-clearfix\"><p><strong>Parametry t\u011bla:<\/strong><\/p><blockquote><p><strong>Celkov\u00e1 v\u00e1ha panny:<\/strong> 42 kg | 92.59 lbs<\/p><p><strong>T\u011blo panny:<\/strong>\u00a0143 cm | 4.69 ft<\/p><p><span style=\"background-color: transparent; color: var( --e-global-color-text ); font-family: var( --e-global-typography-text-font-family ); font-weight: var( --e-global-typography-text-font-weight ); letter-spacing: 0px;\"><strong>Celkov\u00e1 v\u00fd\u0161ka (s hlavou):<\/strong>\u00a0<\/span><span style=\"color: var( --e-global-color-text ); font-family: var( --e-global-typography-text-font-family ); font-weight: var( --e-global-typography-text-font-weight ); background-color: transparent; letter-spacing: 0px;\">162 cm\u00a0 &#8211; 164 cm\u00a0<\/span><span style=\"color: var( --e-global-color-text ); font-family: var( --e-global-typography-text-font-family ); font-weight: var( --e-global-typography-text-font-weight ); background-color: transparent; letter-spacing: 0px;\">| 5.31 ft &#8211; 5.38 ft<\/span><\/p><p><strong>Obvod hlavy:<\/strong>\u00a050 cm | 19.69 in<\/p><p><strong>Obvod hrudn\u00edku:<\/strong> 91 cm | 35.83 in, <strong>Pas:<\/strong>: 60 cm | 23.62 in, <strong>Boky:<\/strong>: 94 cm | 37.01 in<\/p><p><strong>Dla\u0148 s prsty:<\/strong>\u00a016 cm\u00a0<span style=\"color: var( --e-global-color-text ); font-family: var( --e-global-typography-text-font-family ); font-weight: var( --e-global-typography-text-font-weight ); background-color: transparent; letter-spacing: 0px;\">| 6.30 in<\/span><\/p><p><strong>D\u00e9lka cel\u00e9 ruky s dlan\u00ed a prsty:<\/strong> 66 cm\u00a0<span style=\"color: var( --e-global-color-text ); font-family: var( --e-global-typography-text-font-family ); font-weight: var( --e-global-typography-text-font-weight ); background-color: transparent; letter-spacing: 0px;\">| 25.98 in<\/span><\/p><p><strong>\u0160\u00ed\u0159e ramen:<\/strong> 34 cm\u00a0<span style=\"color: var( --e-global-color-text ); font-family: var( --e-global-typography-text-font-family ); font-weight: var( --e-global-typography-text-font-weight ); background-color: transparent; letter-spacing: 0px;\">| 13.39 in<\/span><\/p><p><strong>D\u00e9lka nohy (vnit\u0159n\u00ed):<\/strong> 79 cm\u00a0<span style=\"color: var( --e-global-color-text ); font-family: var( --e-global-typography-text-font-family ); font-weight: var( --e-global-typography-text-font-weight ); background-color: transparent; letter-spacing: 0px;\">| 31.10 in<\/span><\/p><p><strong>D\u00e9lka chodidla:<\/strong> 21 cm\u00a0<span style=\"color: var( --e-global-color-text ); font-family: var( --e-global-typography-text-font-family ); font-weight: var( --e-global-typography-text-font-weight ); background-color: transparent; letter-spacing: 0px;\">| 8.27 in<\/span><\/p><p><strong><span lang=\"cs\">Materi\u00e1l doll: <\/span><\/strong><span lang=\"cs\" tabindex=\"-1\">Platinum TPE + nerezov\u00e1 kostra + kov<\/span><\/p><\/blockquote><p><span lang=\"cs\" tabindex=\"-1\"><strong>Balen\u00ed obsahuje:<\/strong> Czechdoll <\/span>Florane Russell<span lang=\"cs\" tabindex=\"-1\"> hlava, t\u011blo panenky, pudr, z\u00e1kladn\u00ed oble\u010dek, klyst\u00fdr, paruka a n\u00e1vod<\/span><span lang=\"cs\">.<\/span><\/p><\/div>\n\t\t\t\t<\/div>\n\t\t\t\t<\/div>\n\t\t\t\t\t\t<\/div>\n\t\t\t\t\t<\/div>\n\t\t<\/div>\n\t\t\t\t<div class=\"elementor-column elementor-col-50 elementor-top-column elementor-element elementor-element-3de5889\" data-id=\"3de5889\" data-element_type=\"column\">\n\t\t\t<div class=\"elementor-column-wrap elementor-element-populated\">\n\t\t\t\t\t\t\t<div class=\"elementor-widget-wrap\">\n\t\t\t\t\t\t<div class=\"elementor-element elementor-element-7275d55 elementor-widget elementor-widget-image\" data-id=\"7275d55\" data-element_type=\"widget\" data-widget_type=\"image.default\">\n\t\t\t\t<div class=\"elementor-widget-container\">\n\t\t\t\t\t<div class=\"elementor-image\">\n\t\t\t\t\t\t\t\t\t\t<img width=\"683\" height=\"1024\" src=\"https:\/\/czechdoll.com\/wp-content\/uploads\/2020\/09\/czechdoll-florane-russell-1-683x1024.jpg\" class=\"attachment-large size-large\" alt=\"\" loading=\"lazy\" srcset=\"https:\/\/czechdoll.com\/wp-content\/uploads\/2020\/09\/czechdoll-florane-russell-1-683x1024.jpg 683w, https:\/\/czechdoll.com\/wp-content\/uploads\/2020\/09\/czechdoll-florane-russell-1-200x300.jpg 200w, https:\/\/czechdoll.com\/wp-content\/uploads\/2020\/09\/czechdoll-florane-russell-1-768x1152.jpg 768w, https:\/\/czechdoll.com\/wp-content\/uploads\/2020\/09\/czechdoll-florane-russell-1-600x900.jpg 600w, https:\/\/czechdoll.com\/wp-content\/uploads\/2020\/09\/czechdoll-florane-russell-1-21x32.jpg 21w, https:\/\/czechdoll.com\/wp-content\/uploads\/2020\/09\/czechdoll-florane-russell-1.jpg 800w\" sizes=\"(max-width: 683px) 100vw, 683px\" \/>\t\t\t\t\t\t\t\t\t\t\t<\/div>\n\t\t\t\t<\/div>\n\t\t\t\t<\/div>\n\t\t\t\t\t\t<\/div>\n\t\t\t\t\t<\/div>\n\t\t<\/div>\n\t\t\t\t\t\t\t\t<\/div>\n\t\t\t\t\t<\/div>\n\t\t<\/section>\n\t\t\t\t<section class=\"elementor-section elementor-top-section elementor-element elementor-element-96ca85f elementor-section-boxed elementor-section-height-default elementor-section-height-default\" data-id=\"96ca85f\" data-element_type=\"section\">\n\t\t\t\t\t\t<div class=\"elementor-container elementor-column-gap-default\">\n\t\t\t\t\t\t\t<div class=\"elementor-row\">\n\t\t\t\t\t<div class=\"elementor-column elementor-col-100 elementor-top-column elementor-element elementor-element-72d1498\" data-id=\"72d1498\" data-element_type=\"column\">\n\t\t\t<div class=\"elementor-column-wrap elementor-element-populated\">\n\t\t\t\t\t\t\t<div class=\"elementor-widget-wrap\">\n\t\t\t\t\t\t<div class=\"elementor-element elementor-element-dff230d elementor-widget elementor-widget-text-editor\" data-id=\"dff230d\" data-element_type=\"widget\" data-widget_type=\"text-editor.default\">\n\t\t\t\t<div class=\"elementor-widget-container\">\n\t\t\t\t\t<div class=\"elementor-text-editor elementor-clearfix\"><p><span lang=\"cs\"><strong>Dod\u00e1n\u00ed:<\/strong> Z\u00e1loha 100% z celkov\u00e9 \u010d\u00e1stky. Dod\u00e1n\u00ed do 14 a\u017e 20 pracovn\u00edch dn\u016f od p\u0159ijet\u00ed z\u00e1lohy. Cena je kone\u010dn\u00e1, zahrnuje DOPRAVU ZDARMA!<\/span><\/p><\/div>\n\t\t\t\t<\/div>\n\t\t\t\t<\/div>\n\t\t\t\t\t\t<\/div>\n\t\t\t\t\t<\/div>\n\t\t<\/div>\n\t\t\t\t\t\t\t\t<\/div>\n\t\t\t\t\t<\/div>\n\t\t<\/section>\n\t\t\t\t\t\t<\/div>\n\t\t\t\t\t\t<\/div>\n\t\t\t\t\t<\/div>","protected":false},"excerpt":{"rendered":"<p>Florane Russell &#8211; Realistic Premium Sex Doll. Realistic love dolls of the CzechDoll pornstars series are made of high-quality Platinum TPE material, which faithfully imitates human skin. CzechDoll realistic sex dolls with a modern skeleton are designed primarily for sexual games (they can handle all the classic positions of Kamasutra), but also for collectors and [&hellip;]<\/p>","protected":false},"featured_media":1957,"comment_status":"open","ping_status":"closed","template":"","meta":[],"yoast_head":"<!-- This site is optimized with the Yoast SEO plugin v15.6.2 - https:\/\/yoast.com\/wordpress\/plugins\/seo\/ -->\n<title>CzechDoll - Florane Russell - real dolls \/ pornstars s\u00e9rie - CzechDoll \u2013 Real dolls made according to Czech stars<\/title>\n<meta name=\"robots\" content=\"index, follow, max-snippet:-1, max-image-preview:large, max-video-preview:-1\" \/>\n<link rel=\"canonical\" href=\"https:\/\/czechdoll.com\/cs\/produkt\/czechdoll-florane-russell-real-dolls-pornstars-serie\" \/>\n<meta property=\"og:locale\" content=\"cs_CZ\" \/>\n<meta property=\"og:type\" content=\"article\" \/>\n<meta property=\"og:title\" content=\"CzechDoll - Florane Russell - real dolls \/ pornstars s\u00e9rie - CzechDoll \u2013 Real dolls made according to Czech stars\" \/>\n<meta property=\"og:description\" content=\"Florane Russell &#8211; Realistic Premium Sex Doll. Realistic love dolls of the CzechDoll pornstars series are made of high-quality Platinum TPE material, which faithfully imitates human skin. CzechDoll realistic sex dolls with a modern skeleton are designed primarily for sexual games (they can handle all the classic positions of Kamasutra), but also for collectors and [&hellip;]\" \/>\n<meta property=\"og:url\" content=\"https:\/\/czechdoll.com\/cs\/produkt\/czechdoll-florane-russell-real-dolls-pornstars-serie\" \/>\n<meta property=\"og:site_name\" content=\"CzechDoll \u2013 Real dolls made according to Czech stars\" \/>\n<meta property=\"article:publisher\" content=\"https:\/\/www.facebook.com\/CzechDollcom\/\" \/>\n<meta property=\"article:modified_time\" content=\"2021-09-02T12:58:39+00:00\" \/>\n<meta property=\"og:image\" content=\"https:\/\/czechdoll.com\/wp-content\/uploads\/2020\/09\/FR_CzechDoll-15.jpg\" \/>\n\t<meta property=\"og:image:width\" content=\"533\" \/>\n\t<meta property=\"og:image:height\" content=\"800\" \/>\n<meta name=\"twitter:card\" content=\"summary_large_image\" \/>\n<meta name=\"twitter:site\" content=\"@czechdoll\" \/>\n<meta name=\"twitter:label1\" content=\"Odhadovan\u00e1 doba \u010dten\u00ed\">\n\t<meta name=\"twitter:data1\" content=\"2 minuty\">\n<script type=\"application\/ld+json\" class=\"yoast-schema-graph\">{\"@context\":\"https:\/\/schema.org\",\"@graph\":[{\"@type\":\"Organization\",\"@id\":\"https:\/\/czechdoll.com\/#organization\",\"name\":\"CzechDoll\",\"url\":\"https:\/\/czechdoll.com\/\",\"sameAs\":[\"https:\/\/www.facebook.com\/CzechDollcom\/\",\"https:\/\/www.instagram.com\/czechdoll_official\/\",\"https:\/\/www.youtube.com\/channel\/UC5ynVMwxkGG48HTrQpdbX1w\",\"https:\/\/twitter.com\/czechdoll\"],\"logo\":{\"@type\":\"ImageObject\",\"@id\":\"https:\/\/czechdoll.com\/#logo\",\"inLanguage\":\"cs\",\"url\":\"https:\/\/czechdoll.com\/wp-content\/uploads\/2020\/10\/logo_CD-01_cut.png\",\"width\":1326,\"height\":1327,\"caption\":\"CzechDoll\"},\"image\":{\"@id\":\"https:\/\/czechdoll.com\/#logo\"}},{\"@type\":\"WebSite\",\"@id\":\"https:\/\/czechdoll.com\/#website\",\"url\":\"https:\/\/czechdoll.com\/\",\"name\":\"CzechDoll \\u2013 Real dolls made according to Czech stars\",\"description\":\"Official Website www.czechdoll.com \/ www.czechdoll.cz\",\"publisher\":{\"@id\":\"https:\/\/czechdoll.com\/#organization\"},\"potentialAction\":[{\"@type\":\"SearchAction\",\"target\":\"https:\/\/czechdoll.com\/?s={search_term_string}\",\"query-input\":\"required name=search_term_string\"}],\"inLanguage\":\"cs\"},{\"@type\":\"ImageObject\",\"@id\":\"https:\/\/czechdoll.com\/product\/czechdoll-florane-russell-real-dolls-pornstars-serie#primaryimage\",\"inLanguage\":\"cs\",\"url\":\"https:\/\/czechdoll.com\/wp-content\/uploads\/2020\/09\/FR_CzechDoll-15.jpg\",\"width\":533,\"height\":800,\"caption\":\"Florane Russell pornstar\"},{\"@type\":\"WebPage\",\"@id\":\"https:\/\/czechdoll.com\/product\/czechdoll-florane-russell-real-dolls-pornstars-serie#webpage\",\"url\":\"https:\/\/czechdoll.com\/product\/czechdoll-florane-russell-real-dolls-pornstars-serie\",\"name\":\"CzechDoll - Florane Russell - real dolls \/ pornstars s\\u00e9rie - CzechDoll \\u2013 Real dolls made according to Czech stars\",\"isPartOf\":{\"@id\":\"https:\/\/czechdoll.com\/#website\"},\"primaryImageOfPage\":{\"@id\":\"https:\/\/czechdoll.com\/product\/czechdoll-florane-russell-real-dolls-pornstars-serie#primaryimage\"},\"datePublished\":\"2020-09-10T11:01:27+00:00\",\"dateModified\":\"2021-09-02T12:58:39+00:00\",\"inLanguage\":\"cs\",\"potentialAction\":[{\"@type\":\"ReadAction\",\"target\":[\"https:\/\/czechdoll.com\/product\/czechdoll-florane-russell-real-dolls-pornstars-serie\"]}]}]}<\/script>\n<!-- \/ Yoast SEO plugin. -->","_links":{"self":[{"href":"https:\/\/czechdoll.com\/cs\/wp-json\/wp\/v2\/product\/1918"}],"collection":[{"href":"https:\/\/czechdoll.com\/cs\/wp-json\/wp\/v2\/product"}],"about":[{"href":"https:\/\/czechdoll.com\/cs\/wp-json\/wp\/v2\/types\/product"}],"replies":[{"embeddable":true,"href":"https:\/\/czechdoll.com\/cs\/wp-json\/wp\/v2\/comments?post=1918"}],"version-history":[{"count":27,"href":"https:\/\/czechdoll.com\/cs\/wp-json\/wp\/v2\/product\/1918\/revisions"}],"predecessor-version":[{"id":2571,"href":"https:\/\/czechdoll.com\/cs\/wp-json\/wp\/v2\/product\/1918\/revisions\/2571"}],"wp:featuredmedia":[{"embeddable":true,"href":"https:\/\/czechdoll.com\/cs\/wp-json\/wp\/v2\/media\/1957"}],"wp:attachment":[{"href":"https:\/\/czechdoll.com\/cs\/wp-json\/wp\/v2\/media?parent=1918"}],"curies":[{"name":"wp","href":"https:\/\/api.w.org\/{rel}","templated":true}]}}