{"id":1843,"date":"2020-09-10T12:48:33","date_gmt":"2020-09-10T10:48:33","guid":{"rendered":"https:\/\/czechdoll.com\/?post_type=product&#038;p=1843"},"modified":"2021-09-02T15:00:47","modified_gmt":"2021-09-02T13:00:47","slug":"czechdoll-lady-dee-real-dolls-pornstars-serie","status":"publish","type":"product","link":"https:\/\/czechdoll.com\/cs\/produkt\/czechdoll-lady-dee-real-dolls-pornstars-serie","title":{"rendered":"CzechDoll &#8211; Lady Dee &#8211; real dolls \/ pornstars s\u00e9rie"},"content":{"rendered":"<div data-elementor-type=\"wp-post\" data-elementor-id=\"1843\" class=\"elementor elementor-1843\" data-elementor-settings=\"[]\">\n\t\t\t\t\t\t<div class=\"elementor-inner\">\n\t\t\t\t\t\t\t<div class=\"elementor-section-wrap\">\n\t\t\t\t\t\t\t<section class=\"elementor-section elementor-top-section elementor-element elementor-element-ee3f797 elementor-section-boxed elementor-section-height-default elementor-section-height-default\" data-id=\"ee3f797\" data-element_type=\"section\">\n\t\t\t\t\t\t<div class=\"elementor-container elementor-column-gap-default\">\n\t\t\t\t\t\t\t<div class=\"elementor-row\">\n\t\t\t\t\t<div class=\"elementor-column elementor-col-100 elementor-top-column elementor-element elementor-element-5549ad12\" data-id=\"5549ad12\" data-element_type=\"column\">\n\t\t\t<div class=\"elementor-column-wrap elementor-element-populated\">\n\t\t\t\t\t\t\t<div class=\"elementor-widget-wrap\">\n\t\t\t\t\t\t<div class=\"elementor-element elementor-element-56117f7a elementor-widget elementor-widget-text-editor\" data-id=\"56117f7a\" data-element_type=\"widget\" data-widget_type=\"text-editor.default\">\n\t\t\t\t<div class=\"elementor-widget-container\">\n\t\t\t\t\t<div class=\"elementor-text-editor elementor-clearfix\"><p>Lady Dee - realistick\u00e1 panna na zak\u00e1zku. Realistick\u00e9 panny CzechDoll s\u00e9rie pornstars z kvalitn\u00edho Platinum TPE materi\u00e1lu, kter\u00fd v\u011brn\u011b napodobuje lidskou poko\u017eku. CzechDoll realistick\u00e9 panny s modern\u00ed kostrou jsou navr\u017eeny p\u0159edev\u0161\u00edm pro sexu\u00e1ln\u00ed hry (zvl\u00e1daj\u00ed v\u0161echny klasick\u00e9 pozice kamasutry), ale i pro sb\u011bratele a fanou\u0161ky t\u011bchto stars.<\/p><\/div>\n\t\t\t\t<\/div>\n\t\t\t\t<\/div>\n\t\t\t\t\t\t<\/div>\n\t\t\t\t\t<\/div>\n\t\t<\/div>\n\t\t\t\t\t\t\t\t<\/div>\n\t\t\t\t\t<\/div>\n\t\t<\/section>\n\t\t\t\t<section class=\"elementor-section elementor-top-section elementor-element elementor-element-bbde58f elementor-section-boxed elementor-section-height-default elementor-section-height-default\" data-id=\"bbde58f\" data-element_type=\"section\">\n\t\t\t\t\t\t<div class=\"elementor-container elementor-column-gap-default\">\n\t\t\t\t\t\t\t<div class=\"elementor-row\">\n\t\t\t\t\t<div class=\"elementor-column elementor-col-100 elementor-top-column elementor-element elementor-element-aa03808\" data-id=\"aa03808\" data-element_type=\"column\">\n\t\t\t<div class=\"elementor-column-wrap elementor-element-populated\">\n\t\t\t\t\t\t\t<div class=\"elementor-widget-wrap\">\n\t\t\t\t\t\t<div class=\"elementor-element elementor-element-cf2e57e elementor-widget elementor-widget-text-editor\" data-id=\"cf2e57e\" data-element_type=\"widget\" data-widget_type=\"text-editor.default\">\n\t\t\t\t<div class=\"elementor-widget-container\">\n\t\t\t\t\t<div class=\"elementor-text-editor elementor-clearfix\"><div dir=\"auto\"><div dir=\"auto\">Ahoj, jmenuji se Drahom\u00edra J\u016fzov\u00e1 s p\u0159ezd\u00edvkou Lady Dee. Je mi 22 let a jsem here\u010dka film\u016f pro dosp\u011bl\u00e9 a \u010desk\u00e1 Playmate za m\u011bs\u00edc \u010dervenec 2019.<br \/>Miluju z\u00e1bavu, fajn lidi, sv\u00e9 kamar\u00e1dy, rodinu.\nR\u00e1da cestuji, plavu, nakupuji.<br \/>I like to travel, swim, shop.<\/div><div dir=\"auto\">\u00a0<\/div><\/div><p><strong>Fanou\u0161ci m\u011b mohou sledovat na:<\/strong><\/p><p>Facebook: Lady-Dee-1622810714597977<\/p><p>Instagram: ladydeeofficial2020<\/p><p>Twitter: drahomirajuzova<\/p><p>zde je mo\u017en\u00e9 m\u011b kontaktovat na e-mail:<\/p><p><a href=\"mailto:ladydee@czechdoll.com\">ladydee@czechdoll.com<\/a>, je mo\u017en\u00e9 m\u00edt priv\u00e1tn\u00ed \u0161ou, nebo video na zak\u00e1zku p\u0159\u00edmo pro m\u00e9 fanou\u0161ky.<\/p><p><strong><span class=\"tlid-translation translation\" lang=\"en\"><span class=\"\" title=\"\">Za\u017eijete sv\u00e9 erotick\u00e9 sny!<\/span><\/span>!<\/strong><\/p><p>Po\u0159i\u010fte si kr\u00e1snou panenku CzechDoll Lady Dee, podobiznu here\u010dky Lady Dee, kter\u00e1 je ru\u010dn\u011b modelovan\u00e1 a pro\u017eijte s n\u00ed neomezen\u00e9 mno\u017estv\u00ed rozko\u0161e, kter\u00e9 tato realistick\u00e1 panna nab\u00edz\u00ed. Realistick\u00e1 vag\u00edna je hlubok\u00e1 18,2cm, zade\u010dek pojme a\u017e 16,2cm a \u00fasta 14,5cm. Tyto parametry jsou stejn\u00e9 pro v\u0161echny v\u00fdb\u011brov\u00e1 t\u011bla CzechDoll.<\/p><\/div>\n\t\t\t\t<\/div>\n\t\t\t\t<\/div>\n\t\t\t\t\t\t<\/div>\n\t\t\t\t\t<\/div>\n\t\t<\/div>\n\t\t\t\t\t\t\t\t<\/div>\n\t\t\t\t\t<\/div>\n\t\t<\/section>\n\t\t\t\t<section class=\"elementor-section elementor-top-section elementor-element elementor-element-ca74981 elementor-section-boxed elementor-section-height-default elementor-section-height-default\" data-id=\"ca74981\" data-element_type=\"section\">\n\t\t\t\t\t\t<div class=\"elementor-container elementor-column-gap-default\">\n\t\t\t\t\t\t\t<div class=\"elementor-row\">\n\t\t\t\t\t<div class=\"elementor-column elementor-col-50 elementor-top-column elementor-element elementor-element-750c07f\" data-id=\"750c07f\" data-element_type=\"column\">\n\t\t\t<div class=\"elementor-column-wrap elementor-element-populated\">\n\t\t\t\t\t\t\t<div class=\"elementor-widget-wrap\">\n\t\t\t\t\t\t<div class=\"elementor-element elementor-element-5604646 elementor-widget elementor-widget-text-editor\" data-id=\"5604646\" data-element_type=\"widget\" data-widget_type=\"text-editor.default\">\n\t\t\t\t<div class=\"elementor-widget-container\">\n\t\t\t\t\t<div class=\"elementor-text-editor elementor-clearfix\"><p><strong>Parametry t\u011bla:<\/strong><\/p><blockquote><p><strong>Celkov\u00e1 v\u00e1ha panny:<\/strong> 31 kg | 68.34 lbs<\/p><p><strong>T\u011blo panny:<\/strong> 153 cm | 5.02 ft<\/p><p><span style=\"background-color: transparent; color: var( --e-global-color-text ); font-family: var( --e-global-typography-text-font-family ); font-weight: var( --e-global-typography-text-font-weight ); letter-spacing: 0px;\"><strong>Celkov\u00e1 v\u00fd\u0161ka (s hlavou):<\/strong>\u00a0<\/span> 165 cm &#8211; 168 cm <span style=\"color: var( --e-global-color-text ); font-family: var( --e-global-typography-text-font-family ); font-weight: var( --e-global-typography-text-font-weight ); background-color: transparent; letter-spacing: 0px;\">| 5.41 ft &#8211; 5.51 ft<\/span><\/p><p><strong>Obvod hlavy:<\/strong> 52 cm | 20.47 in<\/p><p><strong>Obvod hrudn\u00edku:<\/strong> 84 cm | 33.07 in, <strong>Pas:<\/strong>: 57 cm | 22.44 in, <strong>Boky:<\/strong>: 86 cm | 33.86 in<\/p><p><strong>Dla\u0148 s prsty:<\/strong>\u00a016 cm\u00a0<span style=\"color: var( --e-global-color-text ); font-family: var( --e-global-typography-text-font-family ); font-weight: var( --e-global-typography-text-font-weight ); background-color: transparent; letter-spacing: 0px;\">| 6.30 in<\/span><\/p><p><strong>D\u00e9lka cel\u00e9 ruky s dlan\u00ed a prsty: <\/strong>60 cm <span style=\"color: var( --e-global-color-text ); font-family: var( --e-global-typography-text-font-family ); font-weight: var( --e-global-typography-text-font-weight ); background-color: transparent; letter-spacing: 0px;\">| 23.62 in<\/span><\/p><p><strong>\u0160\u00ed\u0159e ramen: <\/strong>37 cm <span style=\"color: var( --e-global-color-text ); font-family: var( --e-global-typography-text-font-family ); font-weight: var( --e-global-typography-text-font-weight ); background-color: transparent; letter-spacing: 0px;\">| 14.57 in<\/span><\/p><p><strong>D\u00e9lka nohy (vnit\u0159n\u00ed):<\/strong> 84 cm <span style=\"color: var( --e-global-color-text ); font-family: var( --e-global-typography-text-font-family ); font-weight: var( --e-global-typography-text-font-weight ); background-color: transparent; letter-spacing: 0px;\">| 33.07 in<\/span><\/p><p><strong>D\u00e9lka chodidla:<\/strong> 22 cm <span style=\"color: var( --e-global-color-text ); font-family: var( --e-global-typography-text-font-family ); font-weight: var( --e-global-typography-text-font-weight ); background-color: transparent; letter-spacing: 0px;\">| 8.66 in<\/span><\/p><p><strong><span lang=\"cs\">Materi\u00e1l doll: <\/span><\/strong><span lang=\"cs\" tabindex=\"-1\">Platinum TPE + nerezov\u00e1 kostra + kov<\/span><\/p><\/blockquote><p><span lang=\"cs\" tabindex=\"-1\"><strong>Balen\u00ed obsahuje:<\/strong>\u00a0Czechdoll Lady Dee<\/span><span lang=\"cs\" tabindex=\"-1\">\u00a0hlava, t\u011blo panenky, pudr, z\u00e1kladn\u00ed oble\u010dek, klyst\u00fdr, paruka a n\u00e1vod<\/span><span lang=\"cs\">.<\/span><\/p><\/div>\n\t\t\t\t<\/div>\n\t\t\t\t<\/div>\n\t\t\t\t\t\t<\/div>\n\t\t\t\t\t<\/div>\n\t\t<\/div>\n\t\t\t\t<div class=\"elementor-column elementor-col-50 elementor-top-column elementor-element elementor-element-3de5889\" data-id=\"3de5889\" data-element_type=\"column\">\n\t\t\t<div class=\"elementor-column-wrap elementor-element-populated\">\n\t\t\t\t\t\t\t<div class=\"elementor-widget-wrap\">\n\t\t\t\t\t\t<div class=\"elementor-element elementor-element-7275d55 elementor-widget elementor-widget-image\" data-id=\"7275d55\" data-element_type=\"widget\" data-widget_type=\"image.default\">\n\t\t\t\t<div class=\"elementor-widget-container\">\n\t\t\t\t\t<div class=\"elementor-image\">\n\t\t\t\t\t\t\t\t\t\t<img width=\"200\" height=\"600\" src=\"https:\/\/czechdoll.com\/wp-content\/uploads\/2020\/09\/banner_shop2_LD.jpg\" class=\"attachment-large size-large\" alt=\"\" loading=\"lazy\" srcset=\"https:\/\/czechdoll.com\/wp-content\/uploads\/2020\/09\/banner_shop2_LD.jpg 200w, https:\/\/czechdoll.com\/wp-content\/uploads\/2020\/09\/banner_shop2_LD-100x300.jpg 100w, https:\/\/czechdoll.com\/wp-content\/uploads\/2020\/09\/banner_shop2_LD-11x32.jpg 11w\" sizes=\"(max-width: 200px) 100vw, 200px\" \/>\t\t\t\t\t\t\t\t\t\t\t<\/div>\n\t\t\t\t<\/div>\n\t\t\t\t<\/div>\n\t\t\t\t\t\t<\/div>\n\t\t\t\t\t<\/div>\n\t\t<\/div>\n\t\t\t\t\t\t\t\t<\/div>\n\t\t\t\t\t<\/div>\n\t\t<\/section>\n\t\t\t\t<section class=\"elementor-section elementor-top-section elementor-element elementor-element-96ca85f elementor-section-boxed elementor-section-height-default elementor-section-height-default\" data-id=\"96ca85f\" data-element_type=\"section\">\n\t\t\t\t\t\t<div class=\"elementor-container elementor-column-gap-default\">\n\t\t\t\t\t\t\t<div class=\"elementor-row\">\n\t\t\t\t\t<div class=\"elementor-column elementor-col-100 elementor-top-column elementor-element elementor-element-72d1498\" data-id=\"72d1498\" data-element_type=\"column\">\n\t\t\t<div class=\"elementor-column-wrap elementor-element-populated\">\n\t\t\t\t\t\t\t<div class=\"elementor-widget-wrap\">\n\t\t\t\t\t\t<div class=\"elementor-element elementor-element-dff230d elementor-widget elementor-widget-text-editor\" data-id=\"dff230d\" data-element_type=\"widget\" data-widget_type=\"text-editor.default\">\n\t\t\t\t<div class=\"elementor-widget-container\">\n\t\t\t\t\t<div class=\"elementor-text-editor elementor-clearfix\"><p><span lang=\"cs\"><strong>Dod\u00e1n\u00ed:<\/strong> Z\u00e1loha 100% z celkov\u00e9 \u010d\u00e1stky. Dod\u00e1n\u00ed do 14 a\u017e 20 pracovn\u00edch dn\u016f od p\u0159ijet\u00ed z\u00e1lohy. Cena je kone\u010dn\u00e1, zahrnuje DOPRAVU ZDARMA!<\/span><\/p><\/div>\n\t\t\t\t<\/div>\n\t\t\t\t<\/div>\n\t\t\t\t\t\t<\/div>\n\t\t\t\t\t<\/div>\n\t\t<\/div>\n\t\t\t\t\t\t\t\t<\/div>\n\t\t\t\t\t<\/div>\n\t\t<\/section>\n\t\t\t\t\t\t<\/div>\n\t\t\t\t\t\t<\/div>\n\t\t\t\t\t<\/div>","protected":false},"excerpt":{"rendered":"<p>Lady Dee &#8211; Realistic Premium Sex Doll. Realistic love dolls of the CzechDoll pornstars series are made of high-quality Platinum TPE material, which faithfully imitates human skin. CzechDoll realistic sex dolls with a modern skeleton are designed primarily for sexual games (they can handle all the classic positions of Kamasutra), but also for collectors and [&hellip;]<\/p>","protected":false},"featured_media":1874,"comment_status":"open","ping_status":"closed","template":"","meta":[],"yoast_head":"<!-- This site is optimized with the Yoast SEO plugin v15.6.2 - https:\/\/yoast.com\/wordpress\/plugins\/seo\/ -->\n<title>CzechDoll - Lady Dee - real dolls \/ pornstars s\u00e9rie - CzechDoll \u2013 Real dolls made according to Czech stars<\/title>\n<meta name=\"robots\" content=\"index, follow, max-snippet:-1, max-image-preview:large, max-video-preview:-1\" \/>\n<link rel=\"canonical\" href=\"https:\/\/czechdoll.com\/cs\/produkt\/czechdoll-lady-dee-real-dolls-pornstars-serie\" \/>\n<meta property=\"og:locale\" content=\"cs_CZ\" \/>\n<meta property=\"og:type\" content=\"article\" \/>\n<meta property=\"og:title\" content=\"CzechDoll - Lady Dee - real dolls \/ pornstars s\u00e9rie - CzechDoll \u2013 Real dolls made according to Czech stars\" \/>\n<meta property=\"og:description\" content=\"Lady Dee &#8211; Realistic Premium Sex Doll. Realistic love dolls of the CzechDoll pornstars series are made of high-quality Platinum TPE material, which faithfully imitates human skin. CzechDoll realistic sex dolls with a modern skeleton are designed primarily for sexual games (they can handle all the classic positions of Kamasutra), but also for collectors and [&hellip;]\" \/>\n<meta property=\"og:url\" content=\"https:\/\/czechdoll.com\/cs\/produkt\/czechdoll-lady-dee-real-dolls-pornstars-serie\" \/>\n<meta property=\"og:site_name\" content=\"CzechDoll \u2013 Real dolls made according to Czech stars\" \/>\n<meta property=\"article:publisher\" content=\"https:\/\/www.facebook.com\/CzechDollcom\/\" \/>\n<meta property=\"article:modified_time\" content=\"2021-09-02T13:00:47+00:00\" \/>\n<meta property=\"og:image\" content=\"https:\/\/czechdoll.com\/wp-content\/uploads\/2020\/09\/LadyDee_czechdoll-7.jpg\" \/>\n\t<meta property=\"og:image:width\" content=\"800\" \/>\n\t<meta property=\"og:image:height\" content=\"533\" \/>\n<meta name=\"twitter:card\" content=\"summary_large_image\" \/>\n<meta name=\"twitter:site\" content=\"@czechdoll\" \/>\n<meta name=\"twitter:label1\" content=\"Odhadovan\u00e1 doba \u010dten\u00ed\">\n\t<meta name=\"twitter:data1\" content=\"2 minuty\">\n<script type=\"application\/ld+json\" class=\"yoast-schema-graph\">{\"@context\":\"https:\/\/schema.org\",\"@graph\":[{\"@type\":\"Organization\",\"@id\":\"https:\/\/czechdoll.com\/#organization\",\"name\":\"CzechDoll\",\"url\":\"https:\/\/czechdoll.com\/\",\"sameAs\":[\"https:\/\/www.facebook.com\/CzechDollcom\/\",\"https:\/\/www.instagram.com\/czechdoll_official\/\",\"https:\/\/www.youtube.com\/channel\/UC5ynVMwxkGG48HTrQpdbX1w\",\"https:\/\/twitter.com\/czechdoll\"],\"logo\":{\"@type\":\"ImageObject\",\"@id\":\"https:\/\/czechdoll.com\/#logo\",\"inLanguage\":\"cs\",\"url\":\"https:\/\/czechdoll.com\/wp-content\/uploads\/2020\/10\/logo_CD-01_cut.png\",\"width\":1326,\"height\":1327,\"caption\":\"CzechDoll\"},\"image\":{\"@id\":\"https:\/\/czechdoll.com\/#logo\"}},{\"@type\":\"WebSite\",\"@id\":\"https:\/\/czechdoll.com\/#website\",\"url\":\"https:\/\/czechdoll.com\/\",\"name\":\"CzechDoll \\u2013 Real dolls made according to Czech stars\",\"description\":\"Official Website www.czechdoll.com \/ www.czechdoll.cz\",\"publisher\":{\"@id\":\"https:\/\/czechdoll.com\/#organization\"},\"potentialAction\":[{\"@type\":\"SearchAction\",\"target\":\"https:\/\/czechdoll.com\/?s={search_term_string}\",\"query-input\":\"required name=search_term_string\"}],\"inLanguage\":\"cs\"},{\"@type\":\"ImageObject\",\"@id\":\"https:\/\/czechdoll.com\/product\/czechdoll-lady-dee-real-dolls-pornstars-serie#primaryimage\",\"inLanguage\":\"cs\",\"url\":\"https:\/\/czechdoll.com\/wp-content\/uploads\/2020\/09\/LadyDee_czechdoll-7.jpg\",\"width\":800,\"height\":533,\"caption\":\"Lady Dee dolls\"},{\"@type\":\"WebPage\",\"@id\":\"https:\/\/czechdoll.com\/product\/czechdoll-lady-dee-real-dolls-pornstars-serie#webpage\",\"url\":\"https:\/\/czechdoll.com\/product\/czechdoll-lady-dee-real-dolls-pornstars-serie\",\"name\":\"CzechDoll - Lady Dee - real dolls \/ pornstars s\\u00e9rie - CzechDoll \\u2013 Real dolls made according to Czech stars\",\"isPartOf\":{\"@id\":\"https:\/\/czechdoll.com\/#website\"},\"primaryImageOfPage\":{\"@id\":\"https:\/\/czechdoll.com\/product\/czechdoll-lady-dee-real-dolls-pornstars-serie#primaryimage\"},\"datePublished\":\"2020-09-10T10:48:33+00:00\",\"dateModified\":\"2021-09-02T13:00:47+00:00\",\"inLanguage\":\"cs\",\"potentialAction\":[{\"@type\":\"ReadAction\",\"target\":[\"https:\/\/czechdoll.com\/product\/czechdoll-lady-dee-real-dolls-pornstars-serie\"]}]}]}<\/script>\n<!-- \/ Yoast SEO plugin. -->","_links":{"self":[{"href":"https:\/\/czechdoll.com\/cs\/wp-json\/wp\/v2\/product\/1843"}],"collection":[{"href":"https:\/\/czechdoll.com\/cs\/wp-json\/wp\/v2\/product"}],"about":[{"href":"https:\/\/czechdoll.com\/cs\/wp-json\/wp\/v2\/types\/product"}],"replies":[{"embeddable":true,"href":"https:\/\/czechdoll.com\/cs\/wp-json\/wp\/v2\/comments?post=1843"}],"version-history":[{"count":23,"href":"https:\/\/czechdoll.com\/cs\/wp-json\/wp\/v2\/product\/1843\/revisions"}],"predecessor-version":[{"id":2416,"href":"https:\/\/czechdoll.com\/cs\/wp-json\/wp\/v2\/product\/1843\/revisions\/2416"}],"wp:featuredmedia":[{"embeddable":true,"href":"https:\/\/czechdoll.com\/cs\/wp-json\/wp\/v2\/media\/1874"}],"wp:attachment":[{"href":"https:\/\/czechdoll.com\/cs\/wp-json\/wp\/v2\/media?parent=1843"}],"curies":[{"name":"wp","href":"https:\/\/api.w.org\/{rel}","templated":true}]}}