{"id":1542,"date":"2019-09-30T15:00:56","date_gmt":"2019-09-30T13:00:56","guid":{"rendered":"https:\/\/czechdoll.com\/?post_type=product&#038;p=1542"},"modified":"2021-09-02T15:01:25","modified_gmt":"2021-09-02T13:01:25","slug":"czechdoll-nathaly-cherie-realisticka-panna-pornstars-serie","status":"publish","type":"product","link":"https:\/\/czechdoll.com\/cs\/produkt\/czechdoll-nathaly-cherie-realisticka-panna-pornstars-serie","title":{"rendered":"CzechDoll &#8211; Nathaly Cherie &#8211; realistick\u00e1 panna \/ pornstars s\u00e9rie"},"content":{"rendered":"<div data-elementor-type=\"wp-post\" data-elementor-id=\"1542\" class=\"elementor elementor-1542\" data-elementor-settings=\"[]\">\n\t\t\t\t\t\t<div class=\"elementor-inner\">\n\t\t\t\t\t\t\t<div class=\"elementor-section-wrap\">\n\t\t\t\t\t\t\t<section class=\"elementor-section elementor-top-section elementor-element elementor-element-ee3f797 elementor-section-boxed elementor-section-height-default elementor-section-height-default\" data-id=\"ee3f797\" data-element_type=\"section\">\n\t\t\t\t\t\t<div class=\"elementor-container elementor-column-gap-default\">\n\t\t\t\t\t\t\t<div class=\"elementor-row\">\n\t\t\t\t\t<div class=\"elementor-column elementor-col-100 elementor-top-column elementor-element elementor-element-5549ad12\" data-id=\"5549ad12\" data-element_type=\"column\">\n\t\t\t<div class=\"elementor-column-wrap elementor-element-populated\">\n\t\t\t\t\t\t\t<div class=\"elementor-widget-wrap\">\n\t\t\t\t\t\t<div class=\"elementor-element elementor-element-56117f7a elementor-widget elementor-widget-text-editor\" data-id=\"56117f7a\" data-element_type=\"widget\" data-widget_type=\"text-editor.default\">\n\t\t\t\t<div class=\"elementor-widget-container\">\n\t\t\t\t\t<div class=\"elementor-text-editor elementor-clearfix\"><p>Nathaly Cherie - realistick\u00e1 panna na zak\u00e1zku. Realistick\u00e9 panny CzechDoll s\u00e9rie pornstars z kvalitn\u00edho Platinum TPE materi\u00e1lu, kter\u00fd v\u011brn\u011b napodobuje lidskou poko\u017eku. CzechDoll realistick\u00e9 panny s modern\u00ed kostrou jsou navr\u017eeny p\u0159edev\u0161\u00edm pro sexu\u00e1ln\u00ed hry (zvl\u00e1daj\u00ed v\u0161echny klasick\u00e9 pozice kamasutry), ale i pro sb\u011bratele a fanou\u0161ky t\u011bchto stars.<\/p><\/div>\n\t\t\t\t<\/div>\n\t\t\t\t<\/div>\n\t\t\t\t\t\t<\/div>\n\t\t\t\t\t<\/div>\n\t\t<\/div>\n\t\t\t\t\t\t\t\t<\/div>\n\t\t\t\t\t<\/div>\n\t\t<\/section>\n\t\t\t\t<section class=\"elementor-section elementor-top-section elementor-element elementor-element-bbde58f elementor-section-boxed elementor-section-height-default elementor-section-height-default\" data-id=\"bbde58f\" data-element_type=\"section\">\n\t\t\t\t\t\t<div class=\"elementor-container elementor-column-gap-default\">\n\t\t\t\t\t\t\t<div class=\"elementor-row\">\n\t\t\t\t\t<div class=\"elementor-column elementor-col-100 elementor-top-column elementor-element elementor-element-aa03808\" data-id=\"aa03808\" data-element_type=\"column\">\n\t\t\t<div class=\"elementor-column-wrap elementor-element-populated\">\n\t\t\t\t\t\t\t<div class=\"elementor-widget-wrap\">\n\t\t\t\t\t\t<div class=\"elementor-element elementor-element-cf2e57e elementor-widget elementor-widget-text-editor\" data-id=\"cf2e57e\" data-element_type=\"widget\" data-widget_type=\"text-editor.default\">\n\t\t\t\t<div class=\"elementor-widget-container\">\n\t\t\t\t\t<div class=\"elementor-text-editor elementor-clearfix\"><p>Ahoj, m\u00e9 jm\u00e9no je Nikola (Nathaly Cherie) a v porno bran\u017ei se pohybuji u\u017e 7 let. Nejprve jsem za\u010d\u00ednala pouze s focen\u00edm, n\u00e1sledovaly open legs, lesbo sceny, nyn\u00ed to\u010d\u00edm p\u0159ev\u00e1\u017en\u011b s mu\u017ei, co\u017e m\u011b bav\u00ed nejv\u00edce. V osobn\u00edm \u017eivot\u011b jsem norm\u00e1ln\u00ed \u017eena s norm\u00e1ln\u00edmi kon\u00ed\u010dky, rada va\u0159\u00edm, cestuji, u\u017e\u00edv\u00e1m si voln\u00e9 chvilky s kamar\u00e1dkami a tak podobn\u011b \ud83d\ude42<\/p><p><strong>Fanou\u0161ci m\u011b mohou sledovat na:<\/strong><\/p><p>Facebook: Nicole Dandov\u00e1<\/p><p>Instagram: ndandova, nathaly_cheirie<\/p><p>Twitter: nathaly_cherie<\/p><p style=\"margin: 0px; font-stretch: normal; line-height: normal;\">zde je mo\u017en\u00e9 m\u011b kontaktovat na e-mail:\u00a0<\/p><p style=\"margin: 0px; font-stretch: normal; line-height: normal;\"><a href=\"mailto:nathalycherie@czechdoll.com?subject=Nathaly%20Cherie\">nathalycherie@czechdoll.com<\/a><span style=\"background-color: rgba(255,255,255,0);\">,<\/span><\/p><p>it is possible to have a private show or a custom video directly for my fans.<\/p><p><strong><span lang=\"en\"><span title=\"\">Za\u017eijete sv\u00e9 erotick\u00e9 sny!<\/span><\/span>!<\/strong><\/p><p>Po\u0159i\u010fte si kr\u00e1snou panenku CzechDoll Nathaly Cherie, podobiznu here\u010dky Nathaly Cherie, kter\u00e1 je ru\u010dn\u011b modelovan\u00e1 a pro\u017eijte s n\u00ed neomezen\u00e9 mno\u017estv\u00ed rozko\u0161e, kter\u00e9 tato realistick\u00e1 panna nab\u00edz\u00ed. <span style=\"color: var( --e-global-color-text ); font-family: var( --e-global-typography-text-font-family ); font-weight: var( --e-global-typography-text-font-weight ); background-color: transparent; letter-spacing: 0px;\">Realistick\u00e1 vag\u00edna je hlubok\u00e1 18,2cm, zade\u010dek pojme a\u017e 16,2cm a \u00fasta 14,5cm. Tyto parametry jsou stejn\u00e9 pro v\u0161echny v\u00fdb\u011brov\u00e1 t\u011bla CzechDoll.<\/span><\/p><\/div>\n\t\t\t\t<\/div>\n\t\t\t\t<\/div>\n\t\t\t\t\t\t<\/div>\n\t\t\t\t\t<\/div>\n\t\t<\/div>\n\t\t\t\t\t\t\t\t<\/div>\n\t\t\t\t\t<\/div>\n\t\t<\/section>\n\t\t\t\t<section class=\"elementor-section elementor-top-section elementor-element elementor-element-ca74981 elementor-section-boxed elementor-section-height-default elementor-section-height-default\" data-id=\"ca74981\" data-element_type=\"section\">\n\t\t\t\t\t\t<div class=\"elementor-container elementor-column-gap-default\">\n\t\t\t\t\t\t\t<div class=\"elementor-row\">\n\t\t\t\t\t<div class=\"elementor-column elementor-col-50 elementor-top-column elementor-element elementor-element-750c07f\" data-id=\"750c07f\" data-element_type=\"column\">\n\t\t\t<div class=\"elementor-column-wrap elementor-element-populated\">\n\t\t\t\t\t\t\t<div class=\"elementor-widget-wrap\">\n\t\t\t\t\t\t<div class=\"elementor-element elementor-element-5604646 elementor-widget elementor-widget-text-editor\" data-id=\"5604646\" data-element_type=\"widget\" data-widget_type=\"text-editor.default\">\n\t\t\t\t<div class=\"elementor-widget-container\">\n\t\t\t\t\t<div class=\"elementor-text-editor elementor-clearfix\"><p><strong>Parametry t\u011bla:<\/strong><\/p><blockquote><p><strong>Celkov\u00e1 v\u00e1ha panny:<\/strong> 38 kg | 83.78 lbs<\/p><p><strong>T\u011blo panny:<\/strong> 152 cm | 4.99 ft<\/p><p><span style=\"background-color: transparent; color: var( --e-global-color-text ); font-family: var( --e-global-typography-text-font-family ); font-weight: var( --e-global-typography-text-font-weight ); letter-spacing: 0px;\"><strong>Celkov\u00e1 v\u00fd\u0161ka (s hlavou):<\/strong><\/span> 168 cm &#8211; 171 cm | 5.51 ft &#8211; 5.61 ft<\/p><p><strong>Obvod hlavy:<\/strong> 50 cm | 19.69 in<\/p><p><strong>Obvod hrudn\u00edku:<\/strong> 90 cm | 35.43 in, <strong>Pas:<\/strong>: 57 cm | 22.44 in, <strong>Boky:<\/strong>: 87 cm | 34.25 in<\/p><p><strong>Dla\u0148 s prsty:<\/strong>\u00a016 cm\u00a0<span style=\"color: var( --e-global-color-text ); font-family: var( --e-global-typography-text-font-family ); font-weight: var( --e-global-typography-text-font-weight ); background-color: transparent; letter-spacing: 0px;\">| 6.30 in<\/span><\/p><p><strong>D\u00e9lka cel\u00e9 ruky s dlan\u00ed a prsty: <\/strong>60 cm <span style=\"color: var( --e-global-color-text ); font-family: var( --e-global-typography-text-font-family ); font-weight: var( --e-global-typography-text-font-weight ); background-color: transparent; letter-spacing: 0px;\">| 23.62 in<\/span><\/p><p><strong>\u0160\u00ed\u0159e ramen:<\/strong> 37 cm <span style=\"color: var( --e-global-color-text ); font-family: var( --e-global-typography-text-font-family ); font-weight: var( --e-global-typography-text-font-weight ); background-color: transparent; letter-spacing: 0px;\">| 14.57 in<\/span><\/p><p><strong>D\u00e9lka nohy (vnit\u0159n\u00ed):<\/strong> 86 cm <span style=\"color: var( --e-global-color-text ); font-family: var( --e-global-typography-text-font-family ); font-weight: var( --e-global-typography-text-font-weight ); background-color: transparent; letter-spacing: 0px;\">| 33.86 in<\/span><\/p><p><strong>D\u00e9lka chodidla:<\/strong> 22 cm <span style=\"color: var( --e-global-color-text ); font-family: var( --e-global-typography-text-font-family ); font-weight: var( --e-global-typography-text-font-weight ); background-color: transparent; letter-spacing: 0px;\">| 8.66 in<\/span><\/p><p><strong><span lang=\"cs\">Materi\u00e1l doll: <\/span><\/strong><span lang=\"cs\" tabindex=\"-1\">Platinum TPE + nerezov\u00e1 kostra + kov<\/span><\/p><\/blockquote><p><span lang=\"cs\" tabindex=\"-1\"><strong>Balen\u00ed obsahuje:<\/strong> Czechdoll <\/span>Nathaly Cherie<span lang=\"cs\" tabindex=\"-1\"> hlava, t\u011blo panenky, pudr, z\u00e1kladn\u00ed oble\u010dek, klyst\u00fdr, paruka a n\u00e1vod<\/span><span lang=\"cs\">.<\/span><\/p><\/div>\n\t\t\t\t<\/div>\n\t\t\t\t<\/div>\n\t\t\t\t\t\t<\/div>\n\t\t\t\t\t<\/div>\n\t\t<\/div>\n\t\t\t\t<div class=\"elementor-column elementor-col-50 elementor-top-column elementor-element elementor-element-3de5889\" data-id=\"3de5889\" data-element_type=\"column\">\n\t\t\t<div class=\"elementor-column-wrap elementor-element-populated\">\n\t\t\t\t\t\t\t<div class=\"elementor-widget-wrap\">\n\t\t\t\t\t\t<div class=\"elementor-element elementor-element-7275d55 elementor-widget elementor-widget-image\" data-id=\"7275d55\" data-element_type=\"widget\" data-widget_type=\"image.default\">\n\t\t\t\t<div class=\"elementor-widget-container\">\n\t\t\t\t\t<div class=\"elementor-image\">\n\t\t\t\t\t\t\t\t\t\t<img width=\"200\" height=\"600\" src=\"https:\/\/czechdoll.com\/wp-content\/uploads\/2019\/09\/banner_shop2_VR_NCH.png\" class=\"attachment-large size-large\" alt=\"\" loading=\"lazy\" srcset=\"https:\/\/czechdoll.com\/wp-content\/uploads\/2019\/09\/banner_shop2_VR_NCH.png 200w, https:\/\/czechdoll.com\/wp-content\/uploads\/2019\/09\/banner_shop2_VR_NCH-100x300.png 100w, https:\/\/czechdoll.com\/wp-content\/uploads\/2019\/09\/banner_shop2_VR_NCH-11x32.png 11w\" sizes=\"(max-width: 200px) 100vw, 200px\" \/>\t\t\t\t\t\t\t\t\t\t\t<\/div>\n\t\t\t\t<\/div>\n\t\t\t\t<\/div>\n\t\t\t\t\t\t<\/div>\n\t\t\t\t\t<\/div>\n\t\t<\/div>\n\t\t\t\t\t\t\t\t<\/div>\n\t\t\t\t\t<\/div>\n\t\t<\/section>\n\t\t\t\t<section class=\"elementor-section elementor-top-section elementor-element elementor-element-96ca85f elementor-section-boxed elementor-section-height-default elementor-section-height-default\" data-id=\"96ca85f\" data-element_type=\"section\">\n\t\t\t\t\t\t<div class=\"elementor-container elementor-column-gap-default\">\n\t\t\t\t\t\t\t<div class=\"elementor-row\">\n\t\t\t\t\t<div class=\"elementor-column elementor-col-100 elementor-top-column elementor-element elementor-element-72d1498\" data-id=\"72d1498\" data-element_type=\"column\">\n\t\t\t<div class=\"elementor-column-wrap elementor-element-populated\">\n\t\t\t\t\t\t\t<div class=\"elementor-widget-wrap\">\n\t\t\t\t\t\t<div class=\"elementor-element elementor-element-dff230d elementor-widget elementor-widget-text-editor\" data-id=\"dff230d\" data-element_type=\"widget\" data-widget_type=\"text-editor.default\">\n\t\t\t\t<div class=\"elementor-widget-container\">\n\t\t\t\t\t<div class=\"elementor-text-editor elementor-clearfix\"><p><span lang=\"cs\"><strong>Dod\u00e1n\u00ed:<\/strong> Z\u00e1loha 100% z celkov\u00e9 \u010d\u00e1stky. Dod\u00e1n\u00ed do 14 a\u017e 20 pracovn\u00edch dn\u016f od p\u0159ijet\u00ed z\u00e1lohy. Cena je kone\u010dn\u00e1, zahrnuje DOPRAVU ZDARMA!<\/span><\/p><\/div>\n\t\t\t\t<\/div>\n\t\t\t\t<\/div>\n\t\t\t\t\t\t<\/div>\n\t\t\t\t\t<\/div>\n\t\t<\/div>\n\t\t\t\t\t\t\t\t<\/div>\n\t\t\t\t\t<\/div>\n\t\t<\/section>\n\t\t\t\t\t\t<\/div>\n\t\t\t\t\t\t<\/div>\n\t\t\t\t\t<\/div>","protected":false},"excerpt":{"rendered":"<p>Nathaly Cherie &#8211; Realistic Premium Sex Doll. Realistic love dolls of the CzechDoll pornstars series are made of high-quality Platinum TPE material, which faithfully imitates human skin. CzechDoll realistic sex dolls with a modern skeleton are designed primarily for sexual games (they can handle all the classic positions of Kamasutra), but also for collectors and [&hellip;]<\/p>","protected":false},"featured_media":1594,"comment_status":"open","ping_status":"closed","template":"","meta":[],"yoast_head":"<!-- This site is optimized with the Yoast SEO plugin v15.6.2 - https:\/\/yoast.com\/wordpress\/plugins\/seo\/ -->\n<title>CzechDoll - Nathaly Cherie - realistick\u00e1 panna \/ pornstars s\u00e9rie - CzechDoll \u2013 Real dolls made according to Czech stars<\/title>\n<meta name=\"robots\" content=\"index, follow, max-snippet:-1, max-image-preview:large, max-video-preview:-1\" \/>\n<link rel=\"canonical\" href=\"https:\/\/czechdoll.com\/cs\/produkt\/czechdoll-nathaly-cherie-realisticka-panna-pornstars-serie\" \/>\n<meta property=\"og:locale\" content=\"cs_CZ\" \/>\n<meta property=\"og:type\" content=\"article\" \/>\n<meta property=\"og:title\" content=\"CzechDoll - Nathaly Cherie - realistick\u00e1 panna \/ pornstars s\u00e9rie - CzechDoll \u2013 Real dolls made according to Czech stars\" \/>\n<meta property=\"og:description\" content=\"Nathaly Cherie &#8211; Realistic Premium Sex Doll. Realistic love dolls of the CzechDoll pornstars series are made of high-quality Platinum TPE material, which faithfully imitates human skin. CzechDoll realistic sex dolls with a modern skeleton are designed primarily for sexual games (they can handle all the classic positions of Kamasutra), but also for collectors and [&hellip;]\" \/>\n<meta property=\"og:url\" content=\"https:\/\/czechdoll.com\/cs\/produkt\/czechdoll-nathaly-cherie-realisticka-panna-pornstars-serie\" \/>\n<meta property=\"og:site_name\" content=\"CzechDoll \u2013 Real dolls made according to Czech stars\" \/>\n<meta property=\"article:publisher\" content=\"https:\/\/www.facebook.com\/CzechDollcom\/\" \/>\n<meta property=\"article:modified_time\" content=\"2021-09-02T13:01:25+00:00\" \/>\n<meta property=\"og:image\" content=\"https:\/\/czechdoll.com\/wp-content\/uploads\/2019\/09\/Nathaly_Cherie_reldolls_czechdoll-13.jpg\" \/>\n\t<meta property=\"og:image:width\" content=\"2000\" \/>\n\t<meta property=\"og:image:height\" content=\"1333\" \/>\n<meta name=\"twitter:card\" content=\"summary_large_image\" \/>\n<meta name=\"twitter:site\" content=\"@czechdoll\" \/>\n<meta name=\"twitter:label1\" content=\"Odhadovan\u00e1 doba \u010dten\u00ed\">\n\t<meta name=\"twitter:data1\" content=\"2 minuty\">\n<script type=\"application\/ld+json\" class=\"yoast-schema-graph\">{\"@context\":\"https:\/\/schema.org\",\"@graph\":[{\"@type\":\"Organization\",\"@id\":\"https:\/\/czechdoll.com\/#organization\",\"name\":\"CzechDoll\",\"url\":\"https:\/\/czechdoll.com\/\",\"sameAs\":[\"https:\/\/www.facebook.com\/CzechDollcom\/\",\"https:\/\/www.instagram.com\/czechdoll_official\/\",\"https:\/\/www.youtube.com\/channel\/UC5ynVMwxkGG48HTrQpdbX1w\",\"https:\/\/twitter.com\/czechdoll\"],\"logo\":{\"@type\":\"ImageObject\",\"@id\":\"https:\/\/czechdoll.com\/#logo\",\"inLanguage\":\"cs\",\"url\":\"https:\/\/czechdoll.com\/wp-content\/uploads\/2020\/10\/logo_CD-01_cut.png\",\"width\":1326,\"height\":1327,\"caption\":\"CzechDoll\"},\"image\":{\"@id\":\"https:\/\/czechdoll.com\/#logo\"}},{\"@type\":\"WebSite\",\"@id\":\"https:\/\/czechdoll.com\/#website\",\"url\":\"https:\/\/czechdoll.com\/\",\"name\":\"CzechDoll \\u2013 Real dolls made according to Czech stars\",\"description\":\"Official Website www.czechdoll.com \/ www.czechdoll.cz\",\"publisher\":{\"@id\":\"https:\/\/czechdoll.com\/#organization\"},\"potentialAction\":[{\"@type\":\"SearchAction\",\"target\":\"https:\/\/czechdoll.com\/?s={search_term_string}\",\"query-input\":\"required name=search_term_string\"}],\"inLanguage\":\"cs\"},{\"@type\":\"ImageObject\",\"@id\":\"https:\/\/czechdoll.com\/product\/czechdoll-nathaly-cherie-realisticka-panna-pornstars-serie#primaryimage\",\"inLanguage\":\"cs\",\"url\":\"https:\/\/czechdoll.com\/wp-content\/uploads\/2019\/09\/Nathaly_Cherie_reldolls_czechdoll-13.jpg\",\"width\":2000,\"height\":1333,\"caption\":\"Nathaly Cherie doll\"},{\"@type\":\"WebPage\",\"@id\":\"https:\/\/czechdoll.com\/product\/czechdoll-nathaly-cherie-realisticka-panna-pornstars-serie#webpage\",\"url\":\"https:\/\/czechdoll.com\/product\/czechdoll-nathaly-cherie-realisticka-panna-pornstars-serie\",\"name\":\"CzechDoll - Nathaly Cherie - realistick\\u00e1 panna \/ pornstars s\\u00e9rie - CzechDoll \\u2013 Real dolls made according to Czech stars\",\"isPartOf\":{\"@id\":\"https:\/\/czechdoll.com\/#website\"},\"primaryImageOfPage\":{\"@id\":\"https:\/\/czechdoll.com\/product\/czechdoll-nathaly-cherie-realisticka-panna-pornstars-serie#primaryimage\"},\"datePublished\":\"2019-09-30T13:00:56+00:00\",\"dateModified\":\"2021-09-02T13:01:25+00:00\",\"inLanguage\":\"cs\",\"potentialAction\":[{\"@type\":\"ReadAction\",\"target\":[\"https:\/\/czechdoll.com\/product\/czechdoll-nathaly-cherie-realisticka-panna-pornstars-serie\"]}]}]}<\/script>\n<!-- \/ Yoast SEO plugin. -->","_links":{"self":[{"href":"https:\/\/czechdoll.com\/cs\/wp-json\/wp\/v2\/product\/1542"}],"collection":[{"href":"https:\/\/czechdoll.com\/cs\/wp-json\/wp\/v2\/product"}],"about":[{"href":"https:\/\/czechdoll.com\/cs\/wp-json\/wp\/v2\/types\/product"}],"replies":[{"embeddable":true,"href":"https:\/\/czechdoll.com\/cs\/wp-json\/wp\/v2\/comments?post=1542"}],"version-history":[{"count":12,"href":"https:\/\/czechdoll.com\/cs\/wp-json\/wp\/v2\/product\/1542\/revisions"}],"predecessor-version":[{"id":2415,"href":"https:\/\/czechdoll.com\/cs\/wp-json\/wp\/v2\/product\/1542\/revisions\/2415"}],"wp:featuredmedia":[{"embeddable":true,"href":"https:\/\/czechdoll.com\/cs\/wp-json\/wp\/v2\/media\/1594"}],"wp:attachment":[{"href":"https:\/\/czechdoll.com\/cs\/wp-json\/wp\/v2\/media?parent=1542"}],"curies":[{"name":"wp","href":"https:\/\/api.w.org\/{rel}","templated":true}]}}