{"id":349,"date":"2019-08-08T21:41:29","date_gmt":"2019-08-08T19:41:29","guid":{"rendered":"https:\/\/czechdoll.com\/?page_id=349"},"modified":"2020-11-13T20:25:39","modified_gmt":"2020-11-13T19:25:39","slug":"authorized-retailers","status":"publish","type":"page","link":"https:\/\/czechdoll.com\/cs\/authorized-retailers","title":{"rendered":"Autorizovan\u00ed prodejci"},"content":{"rendered":"<div data-elementor-type=\"wp-page\" data-elementor-id=\"349\" class=\"elementor elementor-349\" data-elementor-settings=\"[]\">\n\t\t\t\t\t\t<div class=\"elementor-inner\">\n\t\t\t\t\t\t\t<div class=\"elementor-section-wrap\">\n\t\t\t\t\t\t\t<section class=\"elementor-section elementor-top-section elementor-element elementor-element-119a364c elementor-section-boxed elementor-section-height-default elementor-section-height-default\" data-id=\"119a364c\" data-element_type=\"section\">\n\t\t\t\t\t\t<div class=\"elementor-container elementor-column-gap-default\">\n\t\t\t\t\t\t\t<div class=\"elementor-row\">\n\t\t\t\t\t<div class=\"elementor-column elementor-col-100 elementor-top-column elementor-element elementor-element-9d883f5\" data-id=\"9d883f5\" data-element_type=\"column\">\n\t\t\t<div class=\"elementor-column-wrap elementor-element-populated\">\n\t\t\t\t\t\t\t<div class=\"elementor-widget-wrap\">\n\t\t\t\t\t\t<div class=\"elementor-element elementor-element-7cca609b elementor-widget elementor-widget-text-editor\" data-id=\"7cca609b\" data-element_type=\"widget\" data-widget_type=\"text-editor.default\">\n\t\t\t\t<div class=\"elementor-widget-container\">\n\t\t\t\t\t<div class=\"elementor-text-editor elementor-clearfix\"><p><!-- wp:paragraph --><\/p>\n<p><strong>Autorizovan\u00ed online prodejci:<\/strong><\/p>\n<p><!-- \/wp:paragraph --><!-- wp:paragraph --><\/p>\n<p>1)<strong> <a href=\"https:\/\/czechdoll.com\/cs\/store\/\">Nakupujte zde - ofici\u00e1ln\u00ed internetov\u00fd obchod CzechDoll<\/a><\/strong><\/p>\n<p><!-- \/wp:paragraph --><!-- wp:paragraph --><\/p>\n<p>2) <strong><a href=\"https:\/\/www.sexdolls.cz\/\" target=\"_blank\" rel=\"noreferrer noopener\">SexDolls \u010cesk\u00e1 republika<\/a><\/strong><br \/>\u00a0 \u00a0 \u00a0 \u00a0 \u00a0\u2013 Se s\u00eddlem v \u010cesk\u00e9 republice<br \/>\u00a0 \u00a0 \u00a0 \u00a0 \u00a0\u2013 Slu\u017eba proclen\u00ed dovozu z \u010cesk\u00e9 republiky <br \/>\u00a0 \u00a0 \u00a0 \u00a0 \u00a0\u2013 Servis \u010desk\u00fdch panenek v r\u00e1mci EU<br \/>\u00a0 \u00a0 \u00a0 \u00a0 \u00a0\u2013 Zb\u011bhl\u00fd v \u010de\u0161tin\u011b a angli\u010dtin\u011b<\/p>\n<p><!-- \/wp:paragraph --><!-- wp:paragraph --><\/p>\n<p>3) <strong><a href=\"https:\/\/www.sexdolls.cz\/sk\" target=\"_blank\" rel=\"noreferrer noopener\">SexDolls Slovensko<\/a><\/strong><br \/>\u00a0 \u00a0 \u00a0 \u00a0 \u00a0\u2013 Ur\u010deno pro Slovensko<br \/>\u00a0 \u00a0 \u00a0 \u00a0 \u00a0\u2013 Slu\u017eba proclen\u00ed dovozn\u00edho cla na Slovensko<br \/>\u00a0 \u00a0 \u00a0 \u00a0 \u00a0\u2013 Zb\u011bhl\u00fd ve sloven\u0161tin\u011b a angli\u010dtin\u011b<\/p>\n<p>4) <strong><a href=\"https:\/\/cassiussexdolls.com.au\/\" target=\"_blank\" rel=\"noreferrer noopener\">CassiusSexDolls &#8211; Official Partner<\/a><\/strong><br \/>\u00a0 \u00a0 \u00a0 \u00a0 \u00a0\u2013 P\u0159edn\u00ed australsk\u00e1 spole\u010dnost<br \/>\u00a0 \u00a0 \u00a0 \u00a0 \u00a0\u2013 Servis Austr\u00e1lie, Nov\u00fd Z\u00e9land, Japonsko, Singapur, Severn\u00ed Korea It\u00e1lie, Rusko, USA, Ji\u017en\u00ed Amerika, Ji\u017en\u00ed Afrika<br \/>\u00a0 \u00a0 \u00a0 \u00a0 \u00a0\u2013 Dovozn\u00ed clo \/ da\u0148ov\u00e1 slu\u017eba<br \/>\u00a0 \u00a0 \u00a0 \u00a0 \u00a0\u2013 Zb\u011bhl\u00fd v angli\u010dtin\u011b, ital\u0161tin\u011b, \u0161pan\u011bl\u0161tin\u011b<br \/>\u00a0 \u00a0 \u00a0 \u00a0 \u00a0\u2013 Bezpe\u010dn\u00e9 platby, v\u010detn\u011b mezin\u00e1rodn\u00edch platebn\u00edch pl\u00e1n\u016f, a kupte nyn\u00ed, pla\u0165te pozd\u011bji<\/p>\n<p><!-- \/wp:paragraph --><!-- wp:paragraph --><\/p>\n<p>\u00a0<\/p>\n<p><em>M\u00e1te z\u00e1jem se st\u00e1t autorizovan\u00fdm prodejcem? M\u016f\u017eete si p\u0159e\u010d\u00edst na\u0161\u00ed str\u00e1nku pro <a href=\"https:\/\/czechdoll.com\/cs\/wholesale\">velkoobchod<\/a>.<\/em><\/p>\n<p><!-- \/wp:paragraph --><!-- wp:paragraph --><\/p>\n<p><!-- \/wp:paragraph --><\/p><\/div>\n\t\t\t\t<\/div>\n\t\t\t\t<\/div>\n\t\t\t\t\t\t<\/div>\n\t\t\t\t\t<\/div>\n\t\t<\/div>\n\t\t\t\t\t\t\t\t<\/div>\n\t\t\t\t\t<\/div>\n\t\t<\/section>\n\t\t\t\t\t\t<\/div>\n\t\t\t\t\t\t<\/div>\n\t\t\t\t\t<\/div>","protected":false},"excerpt":{"rendered":"<p>Authorized Online Retailers: 1) Buy from here &#8211; the official CzechDoll Online store 2) SexDolls Czech Republic\u00a0 \u00a0 \u00a0 \u00a0 \u00a0&#8211; Czech Republic Based\u00a0 \u00a0 \u00a0 \u00a0 \u00a0&#8211;\u00a0Czech Republic Import Duty Clearance Service \u00a0 \u00a0 \u00a0 \u00a0 \u00a0&#8211; Service Czech Dolls within the EU\u00a0 \u00a0 \u00a0 \u00a0 \u00a0&#8211; Proficient in Czech and English 3) SexDolls [&hellip;]<\/p>","protected":false},"author":1,"featured_media":254,"parent":0,"menu_order":0,"comment_status":"closed","ping_status":"closed","template":"","meta":[],"yoast_head":"<!-- This site is optimized with the Yoast SEO plugin v15.6.2 - https:\/\/yoast.com\/wordpress\/plugins\/seo\/ -->\n<title>Authorized Retailers - CzechDoll \u2013 Real dolls made according to Czech stars<\/title>\n<meta name=\"robots\" content=\"index, follow, max-snippet:-1, max-image-preview:large, max-video-preview:-1\" \/>\n<link rel=\"canonical\" href=\"https:\/\/czechdoll.com\/cs\/authorized-retailers\" \/>\n<meta property=\"og:locale\" content=\"cs_CZ\" \/>\n<meta property=\"og:type\" content=\"article\" \/>\n<meta property=\"og:title\" content=\"Authorized Retailers - CzechDoll \u2013 Real dolls made according to Czech stars\" \/>\n<meta property=\"og:description\" content=\"Authorized Online Retailers: 1) Buy from here &#8211; the official CzechDoll Online store 2) SexDolls Czech Republic\u00a0 \u00a0 \u00a0 \u00a0 \u00a0&#8211; Czech Republic Based\u00a0 \u00a0 \u00a0 \u00a0 \u00a0&#8211;\u00a0Czech Republic Import Duty Clearance Service \u00a0 \u00a0 \u00a0 \u00a0 \u00a0&#8211; Service Czech Dolls within the EU\u00a0 \u00a0 \u00a0 \u00a0 \u00a0&#8211; Proficient in Czech and English 3) SexDolls [&hellip;]\" \/>\n<meta property=\"og:url\" content=\"https:\/\/czechdoll.com\/cs\/authorized-retailers\" \/>\n<meta property=\"og:site_name\" content=\"CzechDoll \u2013 Real dolls made according to Czech stars\" \/>\n<meta property=\"article:publisher\" content=\"https:\/\/www.facebook.com\/CzechDollcom\/\" \/>\n<meta property=\"article:modified_time\" content=\"2020-11-13T19:25:39+00:00\" \/>\n<meta property=\"og:image\" content=\"https:\/\/czechdoll.com\/wp-content\/uploads\/2019\/08\/site_icon.png\" \/>\n\t<meta property=\"og:image:width\" content=\"3508\" \/>\n\t<meta property=\"og:image:height\" content=\"2480\" \/>\n<meta name=\"twitter:card\" content=\"summary_large_image\" \/>\n<meta name=\"twitter:site\" content=\"@czechdoll\" \/>\n<meta name=\"twitter:label1\" content=\"Odhadovan\u00e1 doba \u010dten\u00ed\">\n\t<meta name=\"twitter:data1\" content=\"1 minuta\">\n<script type=\"application\/ld+json\" class=\"yoast-schema-graph\">{\"@context\":\"https:\/\/schema.org\",\"@graph\":[{\"@type\":\"Organization\",\"@id\":\"https:\/\/czechdoll.com\/#organization\",\"name\":\"CzechDoll\",\"url\":\"https:\/\/czechdoll.com\/\",\"sameAs\":[\"https:\/\/www.facebook.com\/CzechDollcom\/\",\"https:\/\/www.instagram.com\/czechdoll_official\/\",\"https:\/\/www.youtube.com\/channel\/UC5ynVMwxkGG48HTrQpdbX1w\",\"https:\/\/twitter.com\/czechdoll\"],\"logo\":{\"@type\":\"ImageObject\",\"@id\":\"https:\/\/czechdoll.com\/#logo\",\"inLanguage\":\"cs\",\"url\":\"https:\/\/czechdoll.com\/wp-content\/uploads\/2020\/10\/logo_CD-01_cut.png\",\"width\":1326,\"height\":1327,\"caption\":\"CzechDoll\"},\"image\":{\"@id\":\"https:\/\/czechdoll.com\/#logo\"}},{\"@type\":\"WebSite\",\"@id\":\"https:\/\/czechdoll.com\/#website\",\"url\":\"https:\/\/czechdoll.com\/\",\"name\":\"CzechDoll \\u2013 Real dolls made according to Czech stars\",\"description\":\"Official Website www.czechdoll.com \/ www.czechdoll.cz\",\"publisher\":{\"@id\":\"https:\/\/czechdoll.com\/#organization\"},\"potentialAction\":[{\"@type\":\"SearchAction\",\"target\":\"https:\/\/czechdoll.com\/?s={search_term_string}\",\"query-input\":\"required name=search_term_string\"}],\"inLanguage\":\"cs\"},{\"@type\":\"ImageObject\",\"@id\":\"https:\/\/czechdoll.com\/authorized-retailers#primaryimage\",\"inLanguage\":\"cs\",\"url\":\"https:\/\/czechdoll.com\/wp-content\/uploads\/2019\/08\/site_icon.png\",\"width\":3508,\"height\":2480},{\"@type\":\"WebPage\",\"@id\":\"https:\/\/czechdoll.com\/authorized-retailers#webpage\",\"url\":\"https:\/\/czechdoll.com\/authorized-retailers\",\"name\":\"Authorized Retailers - CzechDoll \\u2013 Real dolls made according to Czech stars\",\"isPartOf\":{\"@id\":\"https:\/\/czechdoll.com\/#website\"},\"primaryImageOfPage\":{\"@id\":\"https:\/\/czechdoll.com\/authorized-retailers#primaryimage\"},\"datePublished\":\"2019-08-08T19:41:29+00:00\",\"dateModified\":\"2020-11-13T19:25:39+00:00\",\"inLanguage\":\"cs\",\"potentialAction\":[{\"@type\":\"ReadAction\",\"target\":[\"https:\/\/czechdoll.com\/authorized-retailers\"]}]}]}<\/script>\n<!-- \/ Yoast SEO plugin. -->","_links":{"self":[{"href":"https:\/\/czechdoll.com\/cs\/wp-json\/wp\/v2\/pages\/349"}],"collection":[{"href":"https:\/\/czechdoll.com\/cs\/wp-json\/wp\/v2\/pages"}],"about":[{"href":"https:\/\/czechdoll.com\/cs\/wp-json\/wp\/v2\/types\/page"}],"author":[{"embeddable":true,"href":"https:\/\/czechdoll.com\/cs\/wp-json\/wp\/v2\/users\/1"}],"replies":[{"embeddable":true,"href":"https:\/\/czechdoll.com\/cs\/wp-json\/wp\/v2\/comments?post=349"}],"version-history":[{"count":17,"href":"https:\/\/czechdoll.com\/cs\/wp-json\/wp\/v2\/pages\/349\/revisions"}],"predecessor-version":[{"id":2648,"href":"https:\/\/czechdoll.com\/cs\/wp-json\/wp\/v2\/pages\/349\/revisions\/2648"}],"wp:featuredmedia":[{"embeddable":true,"href":"https:\/\/czechdoll.com\/cs\/wp-json\/wp\/v2\/media\/254"}],"wp:attachment":[{"href":"https:\/\/czechdoll.com\/cs\/wp-json\/wp\/v2\/media?parent=349"}],"curies":[{"name":"wp","href":"https:\/\/api.w.org\/{rel}","templated":true}]}}