{"id":327,"date":"2019-08-08T08:09:26","date_gmt":"2019-08-08T06:09:26","guid":{"rendered":"https:\/\/czechdoll.com\/?page_id=327"},"modified":"2021-09-01T04:28:22","modified_gmt":"2021-09-01T02:28:22","slug":"privacy-policy","status":"publish","type":"page","link":"https:\/\/czechdoll.com\/cs\/privacy-policy","title":{"rendered":"Z\u00e1sady ochrany osobn\u00edch \u00fadaj\u016f"},"content":{"rendered":"<div data-elementor-type=\"wp-post\" data-elementor-id=\"327\" class=\"elementor elementor-327\" data-elementor-settings=\"[]\">\n\t\t\t\t\t\t<div class=\"elementor-inner\">\n\t\t\t\t\t\t\t<div class=\"elementor-section-wrap\">\n\t\t\t\t\t\t\t<section class=\"elementor-section elementor-top-section elementor-element elementor-element-32f3d6e6 elementor-section-boxed elementor-section-height-default elementor-section-height-default\" data-id=\"32f3d6e6\" data-element_type=\"section\">\n\t\t\t\t\t\t<div class=\"elementor-container elementor-column-gap-default\">\n\t\t\t\t\t\t\t<div class=\"elementor-row\">\n\t\t\t\t\t<div class=\"elementor-column elementor-col-100 elementor-top-column elementor-element elementor-element-d22b136\" data-id=\"d22b136\" data-element_type=\"column\" data-settings=\"{&quot;background_background&quot;:&quot;none&quot;}\">\n\t\t\t<div class=\"elementor-column-wrap elementor-element-populated\">\n\t\t\t\t\t\t\t<div class=\"elementor-widget-wrap\">\n\t\t\t\t\t\t<div class=\"elementor-element elementor-element-3832e30b elementor-widget elementor-widget-heading\" data-id=\"3832e30b\" data-element_type=\"widget\" data-widget_type=\"heading.default\">\n\t\t\t\t<div class=\"elementor-widget-container\">\n\t\t\t<h1 class=\"elementor-heading-title elementor-size-medium\">CzechDoll<\/h1>\t\t<\/div>\n\t\t\t\t<\/div>\n\t\t\t\t<div class=\"elementor-element elementor-element-11bb2dc1 elementor-widget elementor-widget-heading\" data-id=\"11bb2dc1\" data-element_type=\"widget\" data-widget_type=\"heading.default\">\n\t\t\t\t<div class=\"elementor-widget-container\">\n\t\t\t<h4 class=\"elementor-heading-title elementor-size-medium\">Z\u00e1sady ochrany osobn\u00edch \u00fadaj\u016f<\/h4>\t\t<\/div>\n\t\t\t\t<\/div>\n\t\t\t\t\t\t<\/div>\n\t\t\t\t\t<\/div>\n\t\t<\/div>\n\t\t\t\t\t\t\t\t<\/div>\n\t\t\t\t\t<\/div>\n\t\t<\/section>\n\t\t\t\t<section class=\"elementor-section elementor-top-section elementor-element elementor-element-5fb1e921 elementor-section-boxed elementor-section-height-default elementor-section-height-default\" data-id=\"5fb1e921\" data-element_type=\"section\">\n\t\t\t\t\t\t<div class=\"elementor-container elementor-column-gap-default\">\n\t\t\t\t\t\t\t<div class=\"elementor-row\">\n\t\t\t\t\t<div class=\"elementor-column elementor-col-100 elementor-top-column elementor-element elementor-element-2d2e674c\" data-id=\"2d2e674c\" data-element_type=\"column\">\n\t\t\t<div class=\"elementor-column-wrap elementor-element-populated\">\n\t\t\t\t\t\t\t<div class=\"elementor-widget-wrap\">\n\t\t\t\t\t\t<div class=\"elementor-element elementor-element-2febb0d2 elementor-widget elementor-widget-image\" data-id=\"2febb0d2\" data-element_type=\"widget\" data-widget_type=\"image.default\">\n\t\t\t\t<div class=\"elementor-widget-container\">\n\t\t\t\t\t<div class=\"elementor-image\">\n\t\t\t\t\t\t\t\t\t\t<img width=\"3508\" height=\"2480\" src=\"https:\/\/czechdoll.com\/wp-content\/uploads\/2019\/08\/site_icon.png\" class=\"attachment-full size-full\" alt=\"\" loading=\"lazy\" srcset=\"https:\/\/czechdoll.com\/wp-content\/uploads\/2019\/08\/site_icon.png 3508w, https:\/\/czechdoll.com\/wp-content\/uploads\/2019\/08\/site_icon-600x424.png 600w, https:\/\/czechdoll.com\/wp-content\/uploads\/2019\/08\/site_icon-300x212.png 300w, https:\/\/czechdoll.com\/wp-content\/uploads\/2019\/08\/site_icon-768x543.png 768w, https:\/\/czechdoll.com\/wp-content\/uploads\/2019\/08\/site_icon-1024x724.png 1024w\" sizes=\"(max-width: 3508px) 100vw, 3508px\" \/>\t\t\t\t\t\t\t\t\t\t\t<\/div>\n\t\t\t\t<\/div>\n\t\t\t\t<\/div>\n\t\t\t\t\t\t<\/div>\n\t\t\t\t\t<\/div>\n\t\t<\/div>\n\t\t\t\t\t\t\t\t<\/div>\n\t\t\t\t\t<\/div>\n\t\t<\/section>\n\t\t\t\t<section class=\"elementor-section elementor-top-section elementor-element elementor-element-49ac2d04 elementor-section-boxed elementor-section-height-default elementor-section-height-default\" data-id=\"49ac2d04\" data-element_type=\"section\">\n\t\t\t\t\t\t<div class=\"elementor-container elementor-column-gap-default\">\n\t\t\t\t\t\t\t<div class=\"elementor-row\">\n\t\t\t\t\t<div class=\"elementor-column elementor-col-100 elementor-top-column elementor-element elementor-element-e92c41b\" data-id=\"e92c41b\" data-element_type=\"column\">\n\t\t\t<div class=\"elementor-column-wrap elementor-element-populated\">\n\t\t\t\t\t\t\t<div class=\"elementor-widget-wrap\">\n\t\t\t\t\t\t<div class=\"elementor-element elementor-element-32c6a25 elementor-widget elementor-widget-text-editor\" data-id=\"32c6a25\" data-element_type=\"widget\" data-widget_type=\"text-editor.default\">\n\t\t\t\t<div class=\"elementor-widget-container\">\n\t\t\t\t\t<div class=\"elementor-text-editor elementor-clearfix\"><p>Tyto z\u00e1sady ochrany osobn\u00edch \u00fadaj\u016f popisuj\u00ed, jak jsou va\u0161e osobn\u00ed \u00fadaje shroma\u017e\u010fov\u00e1ny, pou\u017e\u00edv\u00e1ny a sd\u00edleny, kdy\u017e nav\u0161t\u00edv\u00edte nebo provedete n\u00e1kup na webu czechdoll.com (d\u00e1le jen \u201eweb\u201c).<\/p><\/div>\n\t\t\t\t<\/div>\n\t\t\t\t<\/div>\n\t\t\t\t\t\t<\/div>\n\t\t\t\t\t<\/div>\n\t\t<\/div>\n\t\t\t\t\t\t\t\t<\/div>\n\t\t\t\t\t<\/div>\n\t\t<\/section>\n\t\t\t\t<section class=\"elementor-section elementor-top-section elementor-element elementor-element-0c46a9b elementor-section-boxed elementor-section-height-default elementor-section-height-default\" data-id=\"0c46a9b\" data-element_type=\"section\">\n\t\t\t\t\t\t<div class=\"elementor-container elementor-column-gap-default\">\n\t\t\t\t\t\t\t<div class=\"elementor-row\">\n\t\t\t\t\t<div class=\"elementor-column elementor-col-50 elementor-top-column elementor-element elementor-element-1ac69a0\" data-id=\"1ac69a0\" data-element_type=\"column\">\n\t\t\t<div class=\"elementor-column-wrap elementor-element-populated\">\n\t\t\t\t\t\t\t<div class=\"elementor-widget-wrap\">\n\t\t\t\t\t\t<div class=\"elementor-element elementor-element-177be83 elementor-widget elementor-widget-text-editor\" data-id=\"177be83\" data-element_type=\"widget\" data-widget_type=\"text-editor.default\">\n\t\t\t\t<div class=\"elementor-widget-container\">\n\t\t\t\t\t<div class=\"elementor-text-editor elementor-clearfix\"><p>OSOBN\u00cd INFORMACE, KTER\u00c9 SHROMA\u017d\u010eUJEME <br>Kdy\u017e nav\u0161t\u00edv\u00edte web, automaticky shroma\u017e\u010fujeme ur\u010dit\u00e9 informace o va\u0161em za\u0159\u00edzen\u00ed, v\u010detn\u011b informac\u00ed o va\u0161em webov\u00e9m prohl\u00ed\u017ee\u010di, IP adrese, \u010dasov\u00e9m p\u00e1smu a n\u011bkter\u00fdch cookies, kter\u00e9 jsou nainstalov\u00e1ny ve va\u0161em za\u0159\u00edzen\u00ed. P\u0159i proch\u00e1zen\u00ed webu nav\u00edc shroma\u017e\u010fujeme informace o jednotliv\u00fdch webov\u00fdch str\u00e1nk\u00e1ch nebo produktech, kter\u00e9 prohl\u00ed\u017e\u00edte, jak\u00e9 webov\u00e9 str\u00e1nky nebo vyhled\u00e1vac\u00ed dotazy v\u00e1s odkazovaly na web a informace o tom, jak s webem pracujete. Tyto automaticky shrom\u00e1\u017ed\u011bn\u00e9 informace ozna\u010dujeme jako \u201eInformace o za\u0159\u00edzen\u00ed\u201c.<\/p>\n<p>Informace o za\u0159\u00edzen\u00ed shroma\u017e\u010fujeme pomoc\u00ed n\u00e1sleduj\u00edc\u00edch technologi\u00ed: <br>- \u201eCookies\u201c jsou datov\u00e9 soubory, kter\u00e9 jsou um\u00edst\u011bny ve va\u0161em za\u0159\u00edzen\u00ed nebo po\u010d\u00edta\u010di a \u010dasto obsahuj\u00ed anonymn\u00ed jedine\u010dn\u00fd identifik\u00e1tor. Dal\u0161\u00ed informace o souborech cookie a o tom, jak je zak\u00e1zat, naleznete na adrese http:\/\/www.allaboutcookies.org. <br>- \u201eSoubory protokolu\u201c sleduj\u00ed akce, kter\u00e9 se na webu vyskytuj\u00ed, a shroma\u017e\u010fuj\u00ed data v\u010detn\u011b va\u0161\u00ed IP adresy, typu prohl\u00ed\u017ee\u010de, poskytovatele internetov\u00fdch slu\u017eeb, odkazuj\u00edc\u00edch \/ v\u00fdstupn\u00edch str\u00e1nek a datov\u00fdch \/ \u010dasov\u00fdch raz\u00edtek. <br>- \u201eWeb beacons\u201c, \u201etagy\u201c a \u201epixely\u201c jsou elektronick\u00e9 soubory pou\u017e\u00edvan\u00e9 k z\u00e1znamu informac\u00ed o tom, jak proch\u00e1z\u00edte Web.<\/p>\n<p>Kdy\u017e nav\u00edc nakupujete nebo se pokou\u0161\u00edte prov\u00e9st n\u00e1kup prost\u0159ednictv\u00edm webu, shroma\u017e\u010fujeme od v\u00e1s ur\u010dit\u00e9 informace, v\u010detn\u011b va\u0161eho jm\u00e9na, faktura\u010dn\u00ed adresy, dodac\u00ed adresy, platebn\u00edch \u00fadaj\u016f (v\u010detn\u011b \u010d\u00edsel kreditn\u00edch karet), e-mailov\u00e9 adresy a telefonn\u00edho \u010d\u00edsla. Tyto informace ozna\u010dujeme jako \u201eInformace o objedn\u00e1vce\u201c.<\/p>\n<p>Kdy\u017e v t\u011bchto z\u00e1sad\u00e1ch ochrany osobn\u00edch \u00fadaj\u016f hovo\u0159\u00edme o \u201eosobn\u00edch \u00fadaj\u00edch\u201c, jedn\u00e1 se o informace o za\u0159\u00edzen\u00ed a informace o objedn\u00e1vce.<\/p>\n<p>JAK POU\u017d\u00cdV\u00c1ME VA\u0160E OSOBN\u00cd INFORMACE? <br>Informace o objedn\u00e1vce, kter\u00e9 shroma\u017e\u010fujeme, obecn\u011b pou\u017e\u00edv\u00e1me k pln\u011bn\u00ed ve\u0161ker\u00fdch objedn\u00e1vek zadan\u00fdch prost\u0159ednictv\u00edm webu (v\u010detn\u011b zpracov\u00e1n\u00ed va\u0161ich platebn\u00edch \u00fadaj\u016f, zaji\u0161t\u011bn\u00ed p\u0159epravy a poskytnut\u00ed faktur a \/ nebo potvrzen\u00ed objedn\u00e1vky). Tyto informace o objedn\u00e1vce d\u00e1le pou\u017e\u00edv\u00e1me k: <br>- Komunikujte s v\u00e1mi; <br>- Prov\u011b\u0159en\u00ed objedn\u00e1vky z hlediska mo\u017en\u00e9ho rizika nebo podvodu; a <br>- V souladu s preferencemi, kter\u00e9 jste s n\u00e1mi sd\u00edleli, v\u00e1m poskytujeme informace nebo reklamu t\u00fdkaj\u00edc\u00ed se na\u0161ich produkt\u016f nebo slu\u017eeb.<\/p>\n<p>\u00dadaje o za\u0159\u00edzen\u00ed, kter\u00e9 shroma\u017e\u010fujeme, pou\u017e\u00edv\u00e1me k tomu, abychom n\u00e1m pomohli prov\u011b\u0159it potenci\u00e1ln\u00ed riziko a podvod (zejm\u00e9na va\u0161i IP adresu), a obecn\u011bji vylep\u0161it a optimalizovat n\u00e1\u0161 web (nap\u0159\u00edklad generov\u00e1n\u00edm analytik o tom, jak na\u0161i z\u00e1kazn\u00edci proch\u00e1zej\u00ed a komunikuj\u00ed s a vyhodnotit \u00fasp\u011b\u0161nost na\u0161ich marketingov\u00fdch a reklamn\u00edch kampan\u00ed).<\/p>\n<p>SD\u00cdLEN\u00cd VA\u0160ICH OSOBN\u00cdCH INFORMAC\u00cd <br>Va\u0161e osobn\u00ed \u00fadaje sd\u00edl\u00edme s t\u0159et\u00edmi stranami, abychom n\u00e1m pomohli pou\u017e\u00edvat va\u0161e osobn\u00ed \u00fadaje, jak je pops\u00e1no v\u00fd\u0161e. Nap\u0159\u00edklad pou\u017e\u00edv\u00e1me Google Analytics, abychom n\u00e1m pomohli pochopit, jak na\u0161i z\u00e1kazn\u00edci pou\u017e\u00edvaj\u00ed tento web - dal\u0161\u00ed informace o tom, jak Google pou\u017e\u00edv\u00e1 va\u0161e osobn\u00ed \u00fadaje, naleznete zde: https:\/\/www.google.com\/intl\/cs\/policies\/privacy\/. M\u016f\u017eete se tak\u00e9 odhl\u00e1sit ze slu\u017eby Google Analytics zde: https:\/\/tools.google.com\/dlpage\/gaoptout.<\/p>\n<p>Nakonec m\u016f\u017eeme tak\u00e9 sd\u00edlet va\u0161e osobn\u00ed \u00fadaje, abychom vyhov\u011bli platn\u00fdm z\u00e1kon\u016fm a p\u0159edpis\u016fm, abychom reagovali na p\u0159edvol\u00e1n\u00ed k soudu, p\u0159\u00edkaz k domovn\u00ed prohl\u00eddce nebo jin\u00fd z\u00e1konn\u00fd po\u017eadavek na informace, kter\u00e9 dost\u00e1v\u00e1me, nebo abychom jinak chr\u00e1nili na\u0161e pr\u00e1va.<\/p>\n<p><\/p><\/div>\n\t\t\t\t<\/div>\n\t\t\t\t<\/div>\n\t\t\t\t\t\t<\/div>\n\t\t\t\t\t<\/div>\n\t\t<\/div>\n\t\t\t\t<div class=\"elementor-column elementor-col-50 elementor-top-column elementor-element elementor-element-5ab7499\" data-id=\"5ab7499\" data-element_type=\"column\">\n\t\t\t<div class=\"elementor-column-wrap elementor-element-populated\">\n\t\t\t\t\t\t\t<div class=\"elementor-widget-wrap\">\n\t\t\t\t\t\t<div class=\"elementor-element elementor-element-117bdc7 elementor-widget elementor-widget-text-editor\" data-id=\"117bdc7\" data-element_type=\"widget\" data-widget_type=\"text-editor.default\">\n\t\t\t\t<div class=\"elementor-widget-container\">\n\t\t\t\t\t<div class=\"elementor-text-editor elementor-clearfix\"><p>CHOV\u00c1N\u00cd REKLAMY <br \/>Jak je pops\u00e1no v\u00fd\u0161e, pou\u017e\u00edv\u00e1me va\u0161e osobn\u00ed \u00fadaje k tomu, abychom v\u00e1m poskytovali c\u00edlen\u00e9 reklamy nebo marketingovou komunikaci, o kter\u00e9 se domn\u00edv\u00e1me, \u017ee by v\u00e1s mohla zaj\u00edmat. Dal\u0161\u00ed informace o tom, jak c\u00edlen\u00e1 reklama funguje, m\u016f\u017eete nav\u0161t\u00edvit na vzd\u011bl\u00e1vac\u00ed str\u00e1nce iniciativy Network Advertising Initiative (\u201eNAI\u201c) na adrese http:\/\/www.networkadvertising.org\/understanding-online-advertising\/how-does-it-work.<\/p><p>Z c\u00edlen\u00e9 reklamy se m\u016f\u017eete odhl\u00e1sit pomoc\u00ed odkaz\u016f n\u00ed\u017ee: <br \/>&#8211; Facebook: https:\/\/www.facebook.com\/settings\/?tab=ads <br \/>&#8211; Google: https:\/\/www.google.com\/settings\/ads\/anonymous <br \/>&#8211; Bing: https:\/\/advertise.bingads.microsoft.com\/en-us\/resources\/policies\/personalized-ads<\/p><p>D\u00e1le se m\u016f\u017eete odhl\u00e1sit z n\u011bkter\u00fdch z t\u011bchto slu\u017eeb na port\u00e1lu pro odhl\u00e1\u0161en\u00ed Digital Advertising Alliance na adrese: http:\/\/optout.aboutads.info\/.<\/p><p>DO NOT TRACK <br \/>Vezm\u011bte pros\u00edm na v\u011bdom\u00ed, \u017ee nem\u011bn\u00edme postupy shroma\u017e\u010fov\u00e1n\u00ed a pou\u017e\u00edv\u00e1n\u00ed dat na\u0161ich str\u00e1nek, kdy\u017e vid\u00edme sign\u00e1l Nesledovat z va\u0161eho prohl\u00ed\u017ee\u010de.<\/p><p style=\"caret-color: #666666; color: #666666; font-family: Karla, sans-serif;\">VA\u0160E PR\u00c1VA\u00a0<br \/>Pokud jste obyvatelem Evropy, m\u00e1te pr\u00e1vo na p\u0159\u00edstup k osobn\u00edm \u00fadaj\u016fm, kter\u00e9 o v\u00e1s m\u00e1me, a po\u017eadovat opravu, aktualizaci nebo odstran\u011bn\u00ed va\u0161ich osobn\u00edch \u00fadaj\u016f. Chcete-li toto pr\u00e1vo uplatnit, kontaktujte n\u00e1s prost\u0159ednictv\u00edm n\u00ed\u017ee uveden\u00fdch kontaktn\u00edch \u00fadaj\u016f.<\/p><p style=\"caret-color: #666666; color: #666666; font-family: Karla, sans-serif;\">Krom\u011b toho, pokud jste evropsk\u00fdm rezidentem, bereme na v\u011bdom\u00ed, \u017ee zpracov\u00e1v\u00e1me va\u0161e \u00fadaje za \u00fa\u010delem pln\u011bn\u00ed smluv, kter\u00e9 s v\u00e1mi m\u016f\u017eeme m\u00edt (nap\u0159\u00edklad pokud provedete objedn\u00e1vku prost\u0159ednictv\u00edm webu), nebo abychom mohli jinak sledovat na\u0161e opr\u00e1vn\u011bn\u00e9 obchodn\u00ed z\u00e1jmy uveden\u00e9 v\u00fd\u0161e. D\u00e1le si uv\u011bdomte, \u017ee va\u0161e informace budou p\u0159eneseny mimo Evropu, mimo jin\u00e9 do Kanady a Spojen\u00fdch st\u00e1t\u016f.<\/p><p style=\"caret-color: #666666; color: #666666; font-family: Karla, sans-serif;\">UCHOV\u00c1V\u00c1N\u00cd \u00daDAJ\u016e\u00a0<br \/>Kdy\u017e zad\u00e1te objedn\u00e1vku prost\u0159ednictv\u00edm webu, uchov\u00e1me va\u0161e informace o objedn\u00e1vce pro na\u0161e z\u00e1znamy, dokud a dokud n\u00e1s nepo\u017e\u00e1d\u00e1te o smaz\u00e1n\u00ed t\u011bchto informac\u00ed.<\/p><p style=\"caret-color: #666666; color: #666666; font-family: Karla, sans-serif;\">ZM\u011aNY\u00a0<br \/>Tyto z\u00e1sady ochrany osobn\u00edch \u00fadaj\u016f m\u016f\u017eeme \u010das od \u010dasu aktualizovat, abychom zohlednili nap\u0159\u00edklad zm\u011bny v na\u0161ich postupech nebo z jin\u00fdch provozn\u00edch, pr\u00e1vn\u00edch nebo regula\u010dn\u00edch d\u016fvod\u016f.<\/p><p style=\"caret-color: #666666; color: #666666; font-family: Karla, sans-serif;\">Nezletil\u00ed\u00a0<br \/>Web nen\u00ed ur\u010den pro osoby mlad\u0161\u00ed 18\/21 let.<\/p><p style=\"caret-color: #666666; color: #666666; font-family: Karla, sans-serif;\">KONTAKTUJTE N\u00c1S\u00a0<br \/>Chcete-li z\u00edskat dal\u0161\u00ed informace o na\u0161ich postupech v oblasti ochrany osobn\u00edch \u00fadaj\u016f, m\u00e1te-li dotazy nebo chcete-li podat st\u00ed\u017enost, kontaktujte n\u00e1s e-mailem na adrese info@czechdoll.com nebo e-mailem pomoc\u00ed n\u00ed\u017ee uveden\u00fdch \u00fadaj\u016f:<\/p><p style=\"margin-bottom: 0px; caret-color: #666666; color: #666666; font-family: Karla, sans-serif;\">Original Vyrobky s.r.o.<\/p><p style=\"margin-bottom: 0px; caret-color: #666666; color: #666666; font-family: Karla, sans-serif;\"><a href=\"http:\/\/www.originalvyrobky.eu\/\">www.originalvyrobky.eu<\/a><br \/>Milan Zah\u00e1lka\u00a0<br \/>Ve Stezk\u00e1ch 163, 53003 Pardubice , Czech Republic<\/p><\/div>\n\t\t\t\t<\/div>\n\t\t\t\t<\/div>\n\t\t\t\t\t\t<\/div>\n\t\t\t\t\t<\/div>\n\t\t<\/div>\n\t\t\t\t\t\t\t\t<\/div>\n\t\t\t\t\t<\/div>\n\t\t<\/section>\n\t\t\t\t\t\t<\/div>\n\t\t\t\t\t\t<\/div>\n\t\t\t\t\t<\/div>","protected":false},"excerpt":{"rendered":"<p>CzechDoll Privacy Policy This Privacy Policy describes how your personal information is collected, used, and shared when you visit or make a purchase from czechdoll.com (the \u201cSite\u201d). PERSONAL INFORMATION WE COLLECT When you visit the Site, we automatically collect certain information about your device, including information about your web browser, IP address, time zone, and [&hellip;]<\/p>","protected":false},"author":2,"featured_media":0,"parent":0,"menu_order":0,"comment_status":"closed","ping_status":"closed","template":"template-parts\/template-homepage.php","meta":[],"yoast_head":"<!-- This site is optimized with the Yoast SEO plugin v15.6.2 - https:\/\/yoast.com\/wordpress\/plugins\/seo\/ -->\n<title>Privacy Policy - CzechDoll \u2013 Real dolls made according to Czech stars<\/title>\n<meta name=\"robots\" content=\"index, follow, max-snippet:-1, max-image-preview:large, max-video-preview:-1\" \/>\n<link rel=\"canonical\" href=\"https:\/\/czechdoll.com\/cs\/privacy-policy\" \/>\n<meta property=\"og:locale\" content=\"cs_CZ\" \/>\n<meta property=\"og:type\" content=\"article\" \/>\n<meta property=\"og:title\" content=\"Privacy Policy - CzechDoll \u2013 Real dolls made according to Czech stars\" \/>\n<meta property=\"og:description\" content=\"CzechDoll Privacy Policy This Privacy Policy describes how your personal information is collected, used, and shared when you visit or make a purchase from czechdoll.com (the \u201cSite\u201d). PERSONAL INFORMATION WE COLLECT When you visit the Site, we automatically collect certain information about your device, including information about your web browser, IP address, time zone, and [&hellip;]\" \/>\n<meta property=\"og:url\" content=\"https:\/\/czechdoll.com\/cs\/privacy-policy\" \/>\n<meta property=\"og:site_name\" content=\"CzechDoll \u2013 Real dolls made according to Czech stars\" \/>\n<meta property=\"article:publisher\" content=\"https:\/\/www.facebook.com\/CzechDollcom\/\" \/>\n<meta property=\"article:modified_time\" content=\"2021-09-01T02:28:22+00:00\" \/>\n<meta property=\"og:image\" content=\"https:\/\/czechdoll.com\/wp-content\/uploads\/2019\/08\/site_icon.png\" \/>\n<meta name=\"twitter:card\" content=\"summary_large_image\" \/>\n<meta name=\"twitter:site\" content=\"@czechdoll\" \/>\n<meta name=\"twitter:label1\" content=\"Odhadovan\u00e1 doba \u010dten\u00ed\">\n\t<meta name=\"twitter:data1\" content=\"4 minuty\">\n<script type=\"application\/ld+json\" class=\"yoast-schema-graph\">{\"@context\":\"https:\/\/schema.org\",\"@graph\":[{\"@type\":\"Organization\",\"@id\":\"https:\/\/czechdoll.com\/#organization\",\"name\":\"CzechDoll\",\"url\":\"https:\/\/czechdoll.com\/\",\"sameAs\":[\"https:\/\/www.facebook.com\/CzechDollcom\/\",\"https:\/\/www.instagram.com\/czechdoll_official\/\",\"https:\/\/www.youtube.com\/channel\/UC5ynVMwxkGG48HTrQpdbX1w\",\"https:\/\/twitter.com\/czechdoll\"],\"logo\":{\"@type\":\"ImageObject\",\"@id\":\"https:\/\/czechdoll.com\/#logo\",\"inLanguage\":\"cs\",\"url\":\"https:\/\/czechdoll.com\/wp-content\/uploads\/2020\/10\/logo_CD-01_cut.png\",\"width\":1326,\"height\":1327,\"caption\":\"CzechDoll\"},\"image\":{\"@id\":\"https:\/\/czechdoll.com\/#logo\"}},{\"@type\":\"WebSite\",\"@id\":\"https:\/\/czechdoll.com\/#website\",\"url\":\"https:\/\/czechdoll.com\/\",\"name\":\"CzechDoll \\u2013 Real dolls made according to Czech stars\",\"description\":\"Official Website www.czechdoll.com \/ www.czechdoll.cz\",\"publisher\":{\"@id\":\"https:\/\/czechdoll.com\/#organization\"},\"potentialAction\":[{\"@type\":\"SearchAction\",\"target\":\"https:\/\/czechdoll.com\/?s={search_term_string}\",\"query-input\":\"required name=search_term_string\"}],\"inLanguage\":\"cs\"},{\"@type\":\"ImageObject\",\"@id\":\"https:\/\/czechdoll.com\/privacy-policy#primaryimage\",\"inLanguage\":\"cs\",\"url\":\"https:\/\/czechdoll.com\/wp-content\/uploads\/2019\/08\/site_icon.png\",\"width\":3508,\"height\":2480},{\"@type\":\"WebPage\",\"@id\":\"https:\/\/czechdoll.com\/privacy-policy#webpage\",\"url\":\"https:\/\/czechdoll.com\/privacy-policy\",\"name\":\"Privacy Policy - CzechDoll \\u2013 Real dolls made according to Czech stars\",\"isPartOf\":{\"@id\":\"https:\/\/czechdoll.com\/#website\"},\"primaryImageOfPage\":{\"@id\":\"https:\/\/czechdoll.com\/privacy-policy#primaryimage\"},\"datePublished\":\"2019-08-08T06:09:26+00:00\",\"dateModified\":\"2021-09-01T02:28:22+00:00\",\"inLanguage\":\"cs\",\"potentialAction\":[{\"@type\":\"ReadAction\",\"target\":[\"https:\/\/czechdoll.com\/privacy-policy\"]}]}]}<\/script>\n<!-- \/ Yoast SEO plugin. -->","_links":{"self":[{"href":"https:\/\/czechdoll.com\/cs\/wp-json\/wp\/v2\/pages\/327"}],"collection":[{"href":"https:\/\/czechdoll.com\/cs\/wp-json\/wp\/v2\/pages"}],"about":[{"href":"https:\/\/czechdoll.com\/cs\/wp-json\/wp\/v2\/types\/page"}],"author":[{"embeddable":true,"href":"https:\/\/czechdoll.com\/cs\/wp-json\/wp\/v2\/users\/2"}],"replies":[{"embeddable":true,"href":"https:\/\/czechdoll.com\/cs\/wp-json\/wp\/v2\/comments?post=327"}],"version-history":[{"count":15,"href":"https:\/\/czechdoll.com\/cs\/wp-json\/wp\/v2\/pages\/327\/revisions"}],"predecessor-version":[{"id":2680,"href":"https:\/\/czechdoll.com\/cs\/wp-json\/wp\/v2\/pages\/327\/revisions\/2680"}],"wp:attachment":[{"href":"https:\/\/czechdoll.com\/cs\/wp-json\/wp\/v2\/media?parent=327"}],"curies":[{"name":"wp","href":"https:\/\/api.w.org\/{rel}","templated":true}]}}