{"id":2513,"date":"2020-10-12T14:15:02","date_gmt":"2020-10-12T12:15:02","guid":{"rendered":"https:\/\/czechdoll.com\/?page_id=2513"},"modified":"2020-10-14T15:32:47","modified_gmt":"2020-10-14T13:32:47","slug":"return-policy","status":"publish","type":"page","link":"https:\/\/czechdoll.com\/cs\/return-policy","title":{"rendered":"Reklama\u010dn\u00ed \u0159\u00e1d"},"content":{"rendered":"<div data-elementor-type=\"wp-page\" data-elementor-id=\"2513\" class=\"elementor elementor-2513\" data-elementor-settings=\"[]\">\n\t\t\t\t\t\t<div class=\"elementor-inner\">\n\t\t\t\t\t\t\t<div class=\"elementor-section-wrap\">\n\t\t\t\t\t\t\t<section class=\"elementor-section elementor-top-section elementor-element elementor-element-4dc7de71 elementor-section-boxed elementor-section-height-default elementor-section-height-default\" data-id=\"4dc7de71\" data-element_type=\"section\">\n\t\t\t\t\t\t<div class=\"elementor-container elementor-column-gap-default\">\n\t\t\t\t\t\t\t<div class=\"elementor-row\">\n\t\t\t\t\t<div class=\"elementor-column elementor-col-100 elementor-top-column elementor-element elementor-element-3078d263\" data-id=\"3078d263\" data-element_type=\"column\" data-settings=\"{&quot;background_background&quot;:&quot;none&quot;}\">\n\t\t\t<div class=\"elementor-column-wrap elementor-element-populated\">\n\t\t\t\t\t\t\t<div class=\"elementor-widget-wrap\">\n\t\t\t\t\t\t<div class=\"elementor-element elementor-element-5d799587 elementor-widget elementor-widget-heading\" data-id=\"5d799587\" data-element_type=\"widget\" data-widget_type=\"heading.default\">\n\t\t\t\t<div class=\"elementor-widget-container\">\n\t\t\t<h1 class=\"elementor-heading-title elementor-size-medium\">CzechDoll<\/h1>\t\t<\/div>\n\t\t\t\t<\/div>\n\t\t\t\t<div class=\"elementor-element elementor-element-6891a70b elementor-widget elementor-widget-heading\" data-id=\"6891a70b\" data-element_type=\"widget\" data-widget_type=\"heading.default\">\n\t\t\t\t<div class=\"elementor-widget-container\">\n\t\t\t<h4 class=\"elementor-heading-title elementor-size-medium\">Reklama\u010dn\u00ed \u0159\u00e1d<\/h4>\t\t<\/div>\n\t\t\t\t<\/div>\n\t\t\t\t\t\t<\/div>\n\t\t\t\t\t<\/div>\n\t\t<\/div>\n\t\t\t\t\t\t\t\t<\/div>\n\t\t\t\t\t<\/div>\n\t\t<\/section>\n\t\t\t\t<section class=\"elementor-section elementor-top-section elementor-element elementor-element-3ab22448 elementor-section-boxed elementor-section-height-default elementor-section-height-default\" data-id=\"3ab22448\" data-element_type=\"section\">\n\t\t\t\t\t\t<div class=\"elementor-container elementor-column-gap-default\">\n\t\t\t\t\t\t\t<div class=\"elementor-row\">\n\t\t\t\t\t<div class=\"elementor-column elementor-col-100 elementor-top-column elementor-element elementor-element-5849de72\" data-id=\"5849de72\" data-element_type=\"column\">\n\t\t\t<div class=\"elementor-column-wrap elementor-element-populated\">\n\t\t\t\t\t\t\t<div class=\"elementor-widget-wrap\">\n\t\t\t\t\t\t<div class=\"elementor-element elementor-element-254580e3 elementor-widget elementor-widget-image\" data-id=\"254580e3\" data-element_type=\"widget\" data-widget_type=\"image.default\">\n\t\t\t\t<div class=\"elementor-widget-container\">\n\t\t\t\t\t<div class=\"elementor-image\">\n\t\t\t\t\t\t\t\t\t\t<img width=\"3508\" height=\"2480\" src=\"https:\/\/czechdoll.com\/wp-content\/uploads\/2019\/08\/site_icon.png\" class=\"attachment-full size-full\" alt=\"\" loading=\"lazy\" srcset=\"https:\/\/czechdoll.com\/wp-content\/uploads\/2019\/08\/site_icon.png 3508w, https:\/\/czechdoll.com\/wp-content\/uploads\/2019\/08\/site_icon-600x424.png 600w, https:\/\/czechdoll.com\/wp-content\/uploads\/2019\/08\/site_icon-300x212.png 300w, https:\/\/czechdoll.com\/wp-content\/uploads\/2019\/08\/site_icon-768x543.png 768w, https:\/\/czechdoll.com\/wp-content\/uploads\/2019\/08\/site_icon-1024x724.png 1024w\" sizes=\"(max-width: 3508px) 100vw, 3508px\" \/>\t\t\t\t\t\t\t\t\t\t\t<\/div>\n\t\t\t\t<\/div>\n\t\t\t\t<\/div>\n\t\t\t\t\t\t<\/div>\n\t\t\t\t\t<\/div>\n\t\t<\/div>\n\t\t\t\t\t\t\t\t<\/div>\n\t\t\t\t\t<\/div>\n\t\t<\/section>\n\t\t\t\t<section class=\"elementor-section elementor-top-section elementor-element elementor-element-26344981 elementor-section-boxed elementor-section-height-default elementor-section-height-default\" data-id=\"26344981\" data-element_type=\"section\">\n\t\t\t\t\t\t<div class=\"elementor-container elementor-column-gap-default\">\n\t\t\t\t\t\t\t<div class=\"elementor-row\">\n\t\t\t\t\t<div class=\"elementor-column elementor-col-100 elementor-top-column elementor-element elementor-element-1aabb33c\" data-id=\"1aabb33c\" data-element_type=\"column\">\n\t\t\t<div class=\"elementor-column-wrap elementor-element-populated\">\n\t\t\t\t\t\t\t<div class=\"elementor-widget-wrap\">\n\t\t\t\t\t\t<div class=\"elementor-element elementor-element-5ef6761 elementor-widget elementor-widget-text-editor\" data-id=\"5ef6761\" data-element_type=\"widget\" data-widget_type=\"text-editor.default\">\n\t\t\t\t<div class=\"elementor-widget-container\">\n\t\t\t\t\t<div class=\"elementor-text-editor elementor-clearfix\"><p>V\u0161echny produkty nebo slu\u017eby podl\u00e9haj\u00ed vr\u00e1cen\u00ed nebo v\u00fdm\u011bn\u011b pouze v souladu s t\u011bmito z\u00e1sadami vracen\u00ed.<\/p><\/div>\n\t\t\t\t<\/div>\n\t\t\t\t<\/div>\n\t\t\t\t\t\t<\/div>\n\t\t\t\t\t<\/div>\n\t\t<\/div>\n\t\t\t\t\t\t\t\t<\/div>\n\t\t\t\t\t<\/div>\n\t\t<\/section>\n\t\t\t\t<section class=\"elementor-section elementor-top-section elementor-element elementor-element-5a1862e1 elementor-section-boxed elementor-section-height-default elementor-section-height-default\" data-id=\"5a1862e1\" data-element_type=\"section\">\n\t\t\t\t\t\t<div class=\"elementor-container elementor-column-gap-default\">\n\t\t\t\t\t\t\t<div class=\"elementor-row\">\n\t\t\t\t\t<div class=\"elementor-column elementor-col-50 elementor-top-column elementor-element elementor-element-23770bbf\" data-id=\"23770bbf\" data-element_type=\"column\">\n\t\t\t<div class=\"elementor-column-wrap elementor-element-populated\">\n\t\t\t\t\t\t\t<div class=\"elementor-widget-wrap\">\n\t\t\t\t\t\t<div class=\"elementor-element elementor-element-41ce0396 elementor-widget elementor-widget-text-editor\" data-id=\"41ce0396\" data-element_type=\"widget\" data-widget_type=\"text-editor.default\">\n\t\t\t\t<div class=\"elementor-widget-container\">\n\t\t\t\t\t<div class=\"elementor-text-editor elementor-clearfix\"><p>VR\u00c1CEN\u00cd<\/p><\/div>\n\t\t\t\t<\/div>\n\t\t\t\t<\/div>\n\t\t\t\t\t\t<\/div>\n\t\t\t\t\t<\/div>\n\t\t<\/div>\n\t\t\t\t<div class=\"elementor-column elementor-col-50 elementor-top-column elementor-element elementor-element-550e9308\" data-id=\"550e9308\" data-element_type=\"column\">\n\t\t\t<div class=\"elementor-column-wrap elementor-element-populated\">\n\t\t\t\t\t\t\t<div class=\"elementor-widget-wrap\">\n\t\t\t\t\t\t<div class=\"elementor-element elementor-element-35cbcc2c elementor-widget elementor-widget-text-editor\" data-id=\"35cbcc2c\" data-element_type=\"widget\" data-widget_type=\"text-editor.default\">\n\t\t\t\t<div class=\"elementor-widget-container\">\n\t\t\t\t\t<div class=\"elementor-text-editor elementor-clearfix\"><p>V\u00ddM\u011aNY<\/p><\/div>\n\t\t\t\t<\/div>\n\t\t\t\t<\/div>\n\t\t\t\t\t\t<\/div>\n\t\t\t\t\t<\/div>\n\t\t<\/div>\n\t\t\t\t\t\t\t\t<\/div>\n\t\t\t\t\t<\/div>\n\t\t<\/section>\n\t\t\t\t<section class=\"elementor-section elementor-top-section elementor-element elementor-element-49b3358 elementor-section-boxed elementor-section-height-default elementor-section-height-default\" data-id=\"49b3358\" data-element_type=\"section\">\n\t\t\t\t\t\t<div class=\"elementor-container elementor-column-gap-default\">\n\t\t\t\t\t\t\t<div class=\"elementor-row\">\n\t\t\t\t\t<div class=\"elementor-column elementor-col-100 elementor-top-column elementor-element elementor-element-a2561ba\" data-id=\"a2561ba\" data-element_type=\"column\">\n\t\t\t<div class=\"elementor-column-wrap elementor-element-populated\">\n\t\t\t\t\t\t\t<div class=\"elementor-widget-wrap\">\n\t\t\t\t\t\t<div class=\"elementor-element elementor-element-9179d6f elementor-widget elementor-widget-text-editor\" data-id=\"9179d6f\" data-element_type=\"widget\" data-widget_type=\"text-editor.default\">\n\t\t\t\t<div class=\"elementor-widget-container\">\n\t\t\t\t\t<div class=\"elementor-text-editor elementor-clearfix\"><p style=\"text-align: center;\">Sexu\u00e1ln\u00ed panenky jsou pova\u017eov\u00e1ny za \u201especi\u00e1ln\u00ed zbo\u017e\u00ed\u201c a jejich vr\u00e1cen\u00ed a v\u00fdm\u011bna nen\u00ed z hygienick\u00fdch d\u016fvod\u016f mo\u017en\u00e1.<\/p><p style=\"text-align: center;\">V\u017edy se ujist\u011bte, \u017ee jste si objednali spr\u00e1vnou polo\u017eku a jej\u00ed parametry, proto\u017ee vr\u00e1cen\u00ed pen\u011bz nelze uplatnit.<\/p><p style=\"text-align: center;\">Kvalitu na\u0161ich produkt\u016f bereme velmi v\u00e1\u017en\u011b a v\u0161echny na\u0161e panenky proch\u00e1z\u00ed p\u0159ed vyd\u00e1n\u00edm p\u0159\u00edsnou kontrolou kvality.<\/p><p style=\"text-align: center;\">Pokud pot\u0159ebujete s \u010d\u00edmkoli pomoci, kontaktujte n\u00e1s na adrese support@czechdoll.com a n\u00e1\u0161 t\u00fdm V\u00e1m r\u00e1d pom\u016f\u017ee.<\/p><\/div>\n\t\t\t\t<\/div>\n\t\t\t\t<\/div>\n\t\t\t\t\t\t<\/div>\n\t\t\t\t\t<\/div>\n\t\t<\/div>\n\t\t\t\t\t\t\t\t<\/div>\n\t\t\t\t\t<\/div>\n\t\t<\/section>\n\t\t\t\t\t\t<\/div>\n\t\t\t\t\t\t<\/div>\n\t\t\t\t\t<\/div>","protected":false},"excerpt":{"rendered":"<p>CzechDoll Return Policy All products or services are subject to return or exchange only according to these Return Policy. RETURNS EXCHANGES Sex dolls are considered &#8220;special goods&#8221; and their return and exchange is not possible for hygienic reasons. Please always make sure to order the correct item and its parameters since the refund is not [&hellip;]<\/p>","protected":false},"author":2,"featured_media":0,"parent":0,"menu_order":0,"comment_status":"closed","ping_status":"closed","template":"template-parts\/template-homepage.php","meta":[],"yoast_head":"<!-- This site is optimized with the Yoast SEO plugin v15.6.2 - https:\/\/yoast.com\/wordpress\/plugins\/seo\/ -->\n<title>Return Policy - CzechDoll \u2013 Real dolls made according to Czech stars<\/title>\n<meta name=\"robots\" content=\"index, follow, max-snippet:-1, max-image-preview:large, max-video-preview:-1\" \/>\n<link rel=\"canonical\" href=\"https:\/\/czechdoll.com\/cs\/return-policy\" \/>\n<meta property=\"og:locale\" content=\"cs_CZ\" \/>\n<meta property=\"og:type\" content=\"article\" \/>\n<meta property=\"og:title\" content=\"Return Policy - CzechDoll \u2013 Real dolls made according to Czech stars\" \/>\n<meta property=\"og:description\" content=\"CzechDoll Return Policy All products or services are subject to return or exchange only according to these Return Policy. RETURNS EXCHANGES Sex dolls are considered &#8220;special goods&#8221; and their return and exchange is not possible for hygienic reasons. Please always make sure to order the correct item and its parameters since the refund is not [&hellip;]\" \/>\n<meta property=\"og:url\" content=\"https:\/\/czechdoll.com\/cs\/return-policy\" \/>\n<meta property=\"og:site_name\" content=\"CzechDoll \u2013 Real dolls made according to Czech stars\" \/>\n<meta property=\"article:publisher\" content=\"https:\/\/www.facebook.com\/CzechDollcom\/\" \/>\n<meta property=\"article:modified_time\" content=\"2020-10-14T13:32:47+00:00\" \/>\n<meta property=\"og:image\" content=\"https:\/\/czechdoll.com\/wp-content\/uploads\/2019\/08\/site_icon.png\" \/>\n<meta name=\"twitter:card\" content=\"summary_large_image\" \/>\n<meta name=\"twitter:site\" content=\"@czechdoll\" \/>\n<script type=\"application\/ld+json\" class=\"yoast-schema-graph\">{\"@context\":\"https:\/\/schema.org\",\"@graph\":[{\"@type\":\"Organization\",\"@id\":\"https:\/\/czechdoll.com\/#organization\",\"name\":\"CzechDoll\",\"url\":\"https:\/\/czechdoll.com\/\",\"sameAs\":[\"https:\/\/www.facebook.com\/CzechDollcom\/\",\"https:\/\/www.instagram.com\/czechdoll_official\/\",\"https:\/\/www.youtube.com\/channel\/UC5ynVMwxkGG48HTrQpdbX1w\",\"https:\/\/twitter.com\/czechdoll\"],\"logo\":{\"@type\":\"ImageObject\",\"@id\":\"https:\/\/czechdoll.com\/#logo\",\"inLanguage\":\"cs\",\"url\":\"https:\/\/czechdoll.com\/wp-content\/uploads\/2020\/10\/logo_CD-01_cut.png\",\"width\":1326,\"height\":1327,\"caption\":\"CzechDoll\"},\"image\":{\"@id\":\"https:\/\/czechdoll.com\/#logo\"}},{\"@type\":\"WebSite\",\"@id\":\"https:\/\/czechdoll.com\/#website\",\"url\":\"https:\/\/czechdoll.com\/\",\"name\":\"CzechDoll \\u2013 Real dolls made according to Czech stars\",\"description\":\"Official Website www.czechdoll.com \/ www.czechdoll.cz\",\"publisher\":{\"@id\":\"https:\/\/czechdoll.com\/#organization\"},\"potentialAction\":[{\"@type\":\"SearchAction\",\"target\":\"https:\/\/czechdoll.com\/?s={search_term_string}\",\"query-input\":\"required name=search_term_string\"}],\"inLanguage\":\"cs\"},{\"@type\":\"ImageObject\",\"@id\":\"https:\/\/czechdoll.com\/return-policy#primaryimage\",\"inLanguage\":\"cs\",\"url\":\"https:\/\/czechdoll.com\/wp-content\/uploads\/2019\/08\/site_icon.png\",\"width\":3508,\"height\":2480},{\"@type\":\"WebPage\",\"@id\":\"https:\/\/czechdoll.com\/return-policy#webpage\",\"url\":\"https:\/\/czechdoll.com\/return-policy\",\"name\":\"Return Policy - CzechDoll \\u2013 Real dolls made according to Czech stars\",\"isPartOf\":{\"@id\":\"https:\/\/czechdoll.com\/#website\"},\"primaryImageOfPage\":{\"@id\":\"https:\/\/czechdoll.com\/return-policy#primaryimage\"},\"datePublished\":\"2020-10-12T12:15:02+00:00\",\"dateModified\":\"2020-10-14T13:32:47+00:00\",\"inLanguage\":\"cs\",\"potentialAction\":[{\"@type\":\"ReadAction\",\"target\":[\"https:\/\/czechdoll.com\/return-policy\"]}]}]}<\/script>\n<!-- \/ Yoast SEO plugin. -->","_links":{"self":[{"href":"https:\/\/czechdoll.com\/cs\/wp-json\/wp\/v2\/pages\/2513"}],"collection":[{"href":"https:\/\/czechdoll.com\/cs\/wp-json\/wp\/v2\/pages"}],"about":[{"href":"https:\/\/czechdoll.com\/cs\/wp-json\/wp\/v2\/types\/page"}],"author":[{"embeddable":true,"href":"https:\/\/czechdoll.com\/cs\/wp-json\/wp\/v2\/users\/2"}],"replies":[{"embeddable":true,"href":"https:\/\/czechdoll.com\/cs\/wp-json\/wp\/v2\/comments?post=2513"}],"version-history":[{"count":14,"href":"https:\/\/czechdoll.com\/cs\/wp-json\/wp\/v2\/pages\/2513\/revisions"}],"predecessor-version":[{"id":2550,"href":"https:\/\/czechdoll.com\/cs\/wp-json\/wp\/v2\/pages\/2513\/revisions\/2550"}],"wp:attachment":[{"href":"https:\/\/czechdoll.com\/cs\/wp-json\/wp\/v2\/media?parent=2513"}],"curies":[{"name":"wp","href":"https:\/\/api.w.org\/{rel}","templated":true}]}}