{"id":13,"date":"2019-07-24T16:44:10","date_gmt":"2019-07-24T14:44:10","guid":{"rendered":"https:\/\/czechdoll.com\/?page_id=13"},"modified":"2020-10-21T17:44:27","modified_gmt":"2020-10-21T15:44:27","slug":"my-account","status":"publish","type":"page","link":"https:\/\/czechdoll.com\/cs\/my-account","title":{"rendered":"M\u016fj \u00fa\u010det"},"content":{"rendered":"<div class=\"woocommerce\"><\/div>","protected":false},"excerpt":{"rendered":"","protected":false},"author":1,"featured_media":2162,"parent":0,"menu_order":0,"comment_status":"closed","ping_status":"closed","template":"","meta":[],"yoast_head":"<!-- This site is optimized with the Yoast SEO plugin v15.6.2 - https:\/\/yoast.com\/wordpress\/plugins\/seo\/ -->\n<title>My Account - CzechDoll \u2013 Real dolls made according to Czech stars<\/title>\n<meta name=\"robots\" content=\"index, follow, max-snippet:-1, max-image-preview:large, max-video-preview:-1\" \/>\n<link rel=\"canonical\" href=\"https:\/\/czechdoll.com\/cs\/my-account\" \/>\n<meta property=\"og:locale\" content=\"cs_CZ\" \/>\n<meta property=\"og:type\" content=\"article\" \/>\n<meta property=\"og:title\" content=\"My Account - CzechDoll \u2013 Real dolls made according to Czech stars\" \/>\n<meta property=\"og:url\" content=\"https:\/\/czechdoll.com\/cs\/my-account\" \/>\n<meta property=\"og:site_name\" content=\"CzechDoll \u2013 Real dolls made according to Czech stars\" \/>\n<meta property=\"article:publisher\" content=\"https:\/\/www.facebook.com\/CzechDollcom\/\" \/>\n<meta property=\"article:modified_time\" content=\"2020-10-21T15:44:27+00:00\" \/>\n<meta property=\"og:image\" content=\"https:\/\/czechdoll.com\/wp-content\/uploads\/2020\/09\/Lady-Dee-Face-3.jpg\" \/>\n\t<meta property=\"og:image:width\" content=\"1024\" \/>\n\t<meta property=\"og:image:height\" content=\"724\" \/>\n<meta name=\"twitter:card\" content=\"summary_large_image\" \/>\n<meta name=\"twitter:site\" content=\"@czechdoll\" \/>\n<script type=\"application\/ld+json\" class=\"yoast-schema-graph\">{\"@context\":\"https:\/\/schema.org\",\"@graph\":[{\"@type\":\"Organization\",\"@id\":\"https:\/\/czechdoll.com\/#organization\",\"name\":\"CzechDoll\",\"url\":\"https:\/\/czechdoll.com\/\",\"sameAs\":[\"https:\/\/www.facebook.com\/CzechDollcom\/\",\"https:\/\/www.instagram.com\/czechdoll_official\/\",\"https:\/\/www.youtube.com\/channel\/UC5ynVMwxkGG48HTrQpdbX1w\",\"https:\/\/twitter.com\/czechdoll\"],\"logo\":{\"@type\":\"ImageObject\",\"@id\":\"https:\/\/czechdoll.com\/#logo\",\"inLanguage\":\"cs\",\"url\":\"https:\/\/czechdoll.com\/wp-content\/uploads\/2020\/10\/logo_CD-01_cut.png\",\"width\":1326,\"height\":1327,\"caption\":\"CzechDoll\"},\"image\":{\"@id\":\"https:\/\/czechdoll.com\/#logo\"}},{\"@type\":\"WebSite\",\"@id\":\"https:\/\/czechdoll.com\/#website\",\"url\":\"https:\/\/czechdoll.com\/\",\"name\":\"CzechDoll \\u2013 Real dolls made according to Czech stars\",\"description\":\"Official Website www.czechdoll.com \/ www.czechdoll.cz\",\"publisher\":{\"@id\":\"https:\/\/czechdoll.com\/#organization\"},\"potentialAction\":[{\"@type\":\"SearchAction\",\"target\":\"https:\/\/czechdoll.com\/?s={search_term_string}\",\"query-input\":\"required name=search_term_string\"}],\"inLanguage\":\"cs\"},{\"@type\":\"ImageObject\",\"@id\":\"https:\/\/czechdoll.com\/my-account#primaryimage\",\"inLanguage\":\"cs\",\"url\":\"https:\/\/czechdoll.com\/wp-content\/uploads\/2020\/09\/Lady-Dee-Face-3.jpg\",\"width\":1024,\"height\":724},{\"@type\":\"WebPage\",\"@id\":\"https:\/\/czechdoll.com\/my-account#webpage\",\"url\":\"https:\/\/czechdoll.com\/my-account\",\"name\":\"My Account - CzechDoll \\u2013 Real dolls made according to Czech stars\",\"isPartOf\":{\"@id\":\"https:\/\/czechdoll.com\/#website\"},\"primaryImageOfPage\":{\"@id\":\"https:\/\/czechdoll.com\/my-account#primaryimage\"},\"datePublished\":\"2019-07-24T14:44:10+00:00\",\"dateModified\":\"2020-10-21T15:44:27+00:00\",\"inLanguage\":\"cs\",\"potentialAction\":[{\"@type\":\"ReadAction\",\"target\":[\"https:\/\/czechdoll.com\/my-account\"]}]}]}<\/script>\n<!-- \/ Yoast SEO plugin. -->","_links":{"self":[{"href":"https:\/\/czechdoll.com\/cs\/wp-json\/wp\/v2\/pages\/13"}],"collection":[{"href":"https:\/\/czechdoll.com\/cs\/wp-json\/wp\/v2\/pages"}],"about":[{"href":"https:\/\/czechdoll.com\/cs\/wp-json\/wp\/v2\/types\/page"}],"author":[{"embeddable":true,"href":"https:\/\/czechdoll.com\/cs\/wp-json\/wp\/v2\/users\/1"}],"replies":[{"embeddable":true,"href":"https:\/\/czechdoll.com\/cs\/wp-json\/wp\/v2\/comments?post=13"}],"version-history":[{"count":2,"href":"https:\/\/czechdoll.com\/cs\/wp-json\/wp\/v2\/pages\/13\/revisions"}],"predecessor-version":[{"id":141,"href":"https:\/\/czechdoll.com\/cs\/wp-json\/wp\/v2\/pages\/13\/revisions\/141"}],"wp:featuredmedia":[{"embeddable":true,"href":"https:\/\/czechdoll.com\/cs\/wp-json\/wp\/v2\/media\/2162"}],"wp:attachment":[{"href":"https:\/\/czechdoll.com\/cs\/wp-json\/wp\/v2\/media?parent=13"}],"curies":[{"name":"wp","href":"https:\/\/api.w.org\/{rel}","templated":true}]}}